{"id":187,"date":"2022-01-12T17:24:53","date_gmt":"2022-01-12T17:24:53","guid":{"rendered":"https:\/\/sievinkennelkerho.fi\/smtoko2022\/?page_id=187"},"modified":"2022-05-26T03:20:33","modified_gmt":"2022-05-26T03:20:33","slug":"kisapaikka","status":"publish","type":"page","link":"https:\/\/sievinkennelkerho.fi\/smtoko2022\/kisapaikka\/","title":{"rendered":"Kisapaikka"},"content":{"rendered":"\t\t<div data-elementor-type=\"wp-page\" data-elementor-id=\"187\" class=\"elementor elementor-187\">\n\t\t\t\t\t\t<section class=\"elementor-section elementor-top-section elementor-element elementor-element-5a95a30 elementor-section-height-min-height elementor-section-items-bottom elementor-section-boxed elementor-section-height-default\" data-id=\"5a95a30\" data-element_type=\"section\" data-settings=\"{&quot;background_background&quot;:&quot;classic&quot;,&quot;shape_divider_bottom&quot;:&quot;mountains&quot;}\">\n\t\t\t\t\t<div class=\"elementor-shape elementor-shape-bottom\" data-negative=\"false\">\n\t\t\t<svg xmlns=\"http:\/\/www.w3.org\/2000\/svg\" viewBox=\"0 0 1000 100\" preserveAspectRatio=\"none\">\n\t<path class=\"elementor-shape-fill\" opacity=\"0.33\" d=\"M473,67.3c-203.9,88.3-263.1-34-320.3,0C66,119.1,0,59.7,0,59.7V0h1000v59.7 c0,0-62.1,26.1-94.9,29.3c-32.8,3.3-62.8-12.3-75.8-22.1C806,49.6,745.3,8.7,694.9,4.7S492.4,59,473,67.3z\"\/>\n\t<path class=\"elementor-shape-fill\" opacity=\"0.66\" d=\"M734,67.3c-45.5,0-77.2-23.2-129.1-39.1c-28.6-8.7-150.3-10.1-254,39.1 s-91.7-34.4-149.2,0C115.7,118.3,0,39.8,0,39.8V0h1000v36.5c0,0-28.2-18.5-92.1-18.5C810.2,18.1,775.7,67.3,734,67.3z\"\/>\n\t<path class=\"elementor-shape-fill\" d=\"M766.1,28.9c-200-57.5-266,65.5-395.1,19.5C242,1.8,242,5.4,184.8,20.6C128,35.8,132.3,44.9,89.9,52.5C28.6,63.7,0,0,0,0 h1000c0,0-9.9,40.9-83.6,48.1S829.6,47,766.1,28.9z\"\/>\n<\/svg>\t\t<\/div>\n\t\t\t\t\t<div class=\"elementor-container elementor-column-gap-default\">\n\t\t\t\t\t<div class=\"elementor-column elementor-col-100 elementor-top-column elementor-element elementor-element-5957c06\" data-id=\"5957c06\" data-element_type=\"column\">\n\t\t\t<div class=\"elementor-widget-wrap elementor-element-populated\">\n\t\t\t\t\t\t<div class=\"elementor-element elementor-element-9126071 elementor-widget elementor-widget-heading\" data-id=\"9126071\" data-element_type=\"widget\" data-widget_type=\"heading.default\">\n\t\t\t\t<div class=\"elementor-widget-container\">\n\t\t\t\t\t<h4 class=\"elementor-heading-title elementor-size-medium\">Kisapaikka<br><br><\/h4>\t\t\t\t<\/div>\n\t\t\t\t<\/div>\n\t\t\t\t\t<\/div>\n\t\t<\/div>\n\t\t\t\t\t<\/div>\n\t\t<\/section>\n\t\t\t\t<section class=\"elementor-section elementor-top-section elementor-element elementor-element-3e135c1 elementor-section-boxed elementor-section-height-default elementor-section-height-default\" data-id=\"3e135c1\" data-element_type=\"section\">\n\t\t\t\t\t\t<div class=\"elementor-container elementor-column-gap-default\">\n\t\t\t\t\t<div class=\"elementor-column elementor-col-100 elementor-top-column elementor-element elementor-element-fefb231\" data-id=\"fefb231\" data-element_type=\"column\">\n\t\t\t<div class=\"elementor-widget-wrap elementor-element-populated\">\n\t\t\t\t\t\t<div class=\"elementor-element elementor-element-1b065bb elementor-widget-divider--view-line elementor-widget elementor-widget-divider\" data-id=\"1b065bb\" data-element_type=\"widget\" data-widget_type=\"divider.default\">\n\t\t\t\t<div class=\"elementor-widget-container\">\n\t\t\t\t\t\t\t<div class=\"elementor-divider\">\n\t\t\t<span class=\"elementor-divider-separator\">\n\t\t\t\t\t\t<\/span>\n\t\t<\/div>\n\t\t\t\t\t\t<\/div>\n\t\t\t\t<\/div>\n\t\t\t\t\t<\/div>\n\t\t<\/div>\n\t\t\t\t\t<\/div>\n\t\t<\/section>\n\t\t\t\t<section class=\"elementor-section elementor-top-section elementor-element elementor-element-01761fb elementor-section-boxed elementor-section-height-default elementor-section-height-default\" data-id=\"01761fb\" data-element_type=\"section\">\n\t\t\t\t\t\t<div class=\"elementor-container elementor-column-gap-default\">\n\t\t\t\t\t<div class=\"elementor-column elementor-col-100 elementor-top-column elementor-element elementor-element-ea1a4e1\" data-id=\"ea1a4e1\" data-element_type=\"column\">\n\t\t\t<div class=\"elementor-widget-wrap elementor-element-populated\">\n\t\t\t\t\t\t<div class=\"elementor-element elementor-element-50e64a8 elementor-widget elementor-widget-text-editor\" data-id=\"50e64a8\" data-element_type=\"widget\" data-widget_type=\"text-editor.default\">\n\t\t\t\t<div class=\"elementor-widget-container\">\n\t\t\t\t\t\t\t\t\t<h3 style=\"text-align: center;\"><strong>Tuiskulan kentt\u00e4<br \/><\/strong>Tuiskutie 2<br \/>85500 Nivala<\/h3>\t\t\t\t\t\t\t\t<\/div>\n\t\t\t\t<\/div>\n\t\t\t\t\t<\/div>\n\t\t<\/div>\n\t\t\t\t\t<\/div>\n\t\t<\/section>\n\t\t\t\t<section class=\"elementor-section elementor-top-section elementor-element elementor-element-e9c19b9 elementor-section-boxed elementor-section-height-default elementor-section-height-default\" data-id=\"e9c19b9\" data-element_type=\"section\">\n\t\t\t\t\t\t<div class=\"elementor-container elementor-column-gap-default\">\n\t\t\t\t\t<div class=\"elementor-column elementor-col-50 elementor-top-column elementor-element elementor-element-45a0df1\" data-id=\"45a0df1\" data-element_type=\"column\">\n\t\t\t<div class=\"elementor-widget-wrap elementor-element-populated\">\n\t\t\t\t\t\t<div class=\"elementor-element elementor-element-abd3788 elementor-widget elementor-widget-text-editor\" data-id=\"abd3788\" data-element_type=\"widget\" data-widget_type=\"text-editor.default\">\n\t\t\t\t<div class=\"elementor-widget-container\">\n\t\t\t\t\t\t\t\t\t<p>Tuiskulan urheilukentt\u00e4 on kokonaan aidattu alue.<br \/><br \/><\/p><p>Kilpailupaikalla ruokahuollosta vastaa kisakent\u00e4n vieress\u00e4 sijaitseva<br \/>Tuiskula\u00a0<a href=\"https:\/\/www.tuiskula-nivala.fi\/burger-fox\" target=\"_blank\" rel=\"noopener\" data-saferedirecturl=\"https:\/\/www.google.com\/url?q=https:\/\/www.tuiskula-nivala.fi\/burger-fox&amp;source=gmail&amp;ust=1653621166673000&amp;usg=AOvVaw2w6ykUTCb8wn9pvKtr4vda\">https:\/\/www.tuiskula-nivala.<wbr \/>fi\/burger-fox<\/a>\u00a0<\/p>\t\t\t\t\t\t\t\t<\/div>\n\t\t\t\t<\/div>\n\t\t\t\t\t<\/div>\n\t\t<\/div>\n\t\t\t\t<div class=\"elementor-column elementor-col-50 elementor-top-column elementor-element elementor-element-0d75e34\" data-id=\"0d75e34\" data-element_type=\"column\">\n\t\t\t<div class=\"elementor-widget-wrap elementor-element-populated\">\n\t\t\t\t\t\t<div class=\"elementor-element elementor-element-dfa2864 elementor-widget elementor-widget-text-editor\" data-id=\"dfa2864\" data-element_type=\"widget\" data-widget_type=\"text-editor.default\">\n\t\t\t\t<div class=\"elementor-widget-container\">\n\t\t\t\t\t\t\t\t\t<p>Kilpailupaikan parkkialue on Tuiskulan urheilukent\u00e4n maksuton p-paikka. Paikalla on my\u00f6s parkkiin ohjaus.<br \/><br \/><\/p><p>Telttapaikat merkit\u00e4\u00e4n urheilukent\u00e4n reunalle<\/p>\t\t\t\t\t\t\t\t<\/div>\n\t\t\t\t<\/div>\n\t\t\t\t\t<\/div>\n\t\t<\/div>\n\t\t\t\t\t<\/div>\n\t\t<\/section>\n\t\t\t\t<section class=\"elementor-section elementor-top-section elementor-element elementor-element-2600da3 elementor-section-boxed elementor-section-height-default elementor-section-height-default\" data-id=\"2600da3\" data-element_type=\"section\">\n\t\t\t\t\t\t<div class=\"elementor-container elementor-column-gap-default\">\n\t\t\t\t\t<div class=\"elementor-column elementor-col-33 elementor-top-column elementor-element elementor-element-df55a28\" data-id=\"df55a28\" data-element_type=\"column\">\n\t\t\t<div class=\"elementor-widget-wrap elementor-element-populated\">\n\t\t\t\t\t\t<div class=\"elementor-element elementor-element-2fa5ed4 elementor-widget elementor-widget-image\" data-id=\"2fa5ed4\" data-element_type=\"widget\" data-widget_type=\"image.default\">\n\t\t\t\t<div class=\"elementor-widget-container\">\n\t\t\t\t\t\t\t\t\t\t\t\t\t\t\t<img fetchpriority=\"high\" decoding=\"async\" width=\"300\" height=\"200\" src=\"https:\/\/sievinkennelkerho.fi\/smtoko2022\/wp-content\/uploads\/2022\/05\/DSC4002-300x200.jpg\" class=\"attachment-medium size-medium wp-image-493\" alt=\"\" srcset=\"https:\/\/sievinkennelkerho.fi\/smtoko2022\/wp-content\/uploads\/2022\/05\/DSC4002-300x200.jpg 300w, https:\/\/sievinkennelkerho.fi\/smtoko2022\/wp-content\/uploads\/2022\/05\/DSC4002-1024x684.jpg 1024w, https:\/\/sievinkennelkerho.fi\/smtoko2022\/wp-content\/uploads\/2022\/05\/DSC4002-768x513.jpg 768w, https:\/\/sievinkennelkerho.fi\/smtoko2022\/wp-content\/uploads\/2022\/05\/DSC4002-1536x1025.jpg 1536w, https:\/\/sievinkennelkerho.fi\/smtoko2022\/wp-content\/uploads\/2022\/05\/DSC4002.jpg 2048w\" sizes=\"(max-width: 300px) 100vw, 300px\" \/>\t\t\t\t\t\t\t\t\t\t\t\t\t\t\t<\/div>\n\t\t\t\t<\/div>\n\t\t\t\t\t<\/div>\n\t\t<\/div>\n\t\t\t\t<div class=\"elementor-column elementor-col-33 elementor-top-column elementor-element elementor-element-7c48190\" data-id=\"7c48190\" data-element_type=\"column\">\n\t\t\t<div class=\"elementor-widget-wrap elementor-element-populated\">\n\t\t\t\t\t\t<div class=\"elementor-element elementor-element-26bf0a1 elementor-widget elementor-widget-image\" data-id=\"26bf0a1\" data-element_type=\"widget\" data-widget_type=\"image.default\">\n\t\t\t\t<div class=\"elementor-widget-container\">\n\t\t\t\t\t\t\t\t\t\t\t\t\t\t\t<img decoding=\"async\" width=\"300\" height=\"200\" src=\"https:\/\/sievinkennelkerho.fi\/smtoko2022\/wp-content\/uploads\/2022\/05\/DSC3951-300x200.jpg\" class=\"attachment-medium size-medium wp-image-439\" alt=\"\" srcset=\"https:\/\/sievinkennelkerho.fi\/smtoko2022\/wp-content\/uploads\/2022\/05\/DSC3951-300x200.jpg 300w, https:\/\/sievinkennelkerho.fi\/smtoko2022\/wp-content\/uploads\/2022\/05\/DSC3951-1024x684.jpg 1024w, https:\/\/sievinkennelkerho.fi\/smtoko2022\/wp-content\/uploads\/2022\/05\/DSC3951-768x513.jpg 768w, https:\/\/sievinkennelkerho.fi\/smtoko2022\/wp-content\/uploads\/2022\/05\/DSC3951-1536x1025.jpg 1536w, https:\/\/sievinkennelkerho.fi\/smtoko2022\/wp-content\/uploads\/2022\/05\/DSC3951.jpg 2048w\" sizes=\"(max-width: 300px) 100vw, 300px\" \/>\t\t\t\t\t\t\t\t\t\t\t\t\t\t\t<\/div>\n\t\t\t\t<\/div>\n\t\t\t\t\t<\/div>\n\t\t<\/div>\n\t\t\t\t<div class=\"elementor-column elementor-col-33 elementor-top-column elementor-element elementor-element-af44e81\" data-id=\"af44e81\" data-element_type=\"column\">\n\t\t\t<div class=\"elementor-widget-wrap elementor-element-populated\">\n\t\t\t\t\t\t<div class=\"elementor-element elementor-element-66d36fe elementor-widget elementor-widget-image\" data-id=\"66d36fe\" data-element_type=\"widget\" data-widget_type=\"image.default\">\n\t\t\t\t<div class=\"elementor-widget-container\">\n\t\t\t\t\t\t\t\t\t\t\t\t\t\t\t<img decoding=\"async\" width=\"300\" height=\"200\" src=\"https:\/\/sievinkennelkerho.fi\/smtoko2022\/wp-content\/uploads\/2022\/05\/DSC3996-300x200.jpg\" class=\"attachment-medium size-medium wp-image-442\" alt=\"\" srcset=\"https:\/\/sievinkennelkerho.fi\/smtoko2022\/wp-content\/uploads\/2022\/05\/DSC3996-300x200.jpg 300w, https:\/\/sievinkennelkerho.fi\/smtoko2022\/wp-content\/uploads\/2022\/05\/DSC3996-1024x684.jpg 1024w, https:\/\/sievinkennelkerho.fi\/smtoko2022\/wp-content\/uploads\/2022\/05\/DSC3996-768x513.jpg 768w, https:\/\/sievinkennelkerho.fi\/smtoko2022\/wp-content\/uploads\/2022\/05\/DSC3996-1536x1025.jpg 1536w, https:\/\/sievinkennelkerho.fi\/smtoko2022\/wp-content\/uploads\/2022\/05\/DSC3996.jpg 2048w\" sizes=\"(max-width: 300px) 100vw, 300px\" \/>\t\t\t\t\t\t\t\t\t\t\t\t\t\t\t<\/div>\n\t\t\t\t<\/div>\n\t\t\t\t\t<\/div>\n\t\t<\/div>\n\t\t\t\t\t<\/div>\n\t\t<\/section>\n\t\t\t\t<section class=\"elementor-section elementor-top-section elementor-element elementor-element-dd158c4 elementor-section-boxed elementor-section-height-default elementor-section-height-default\" data-id=\"dd158c4\" data-element_type=\"section\">\n\t\t\t\t\t\t<div class=\"elementor-container elementor-column-gap-default\">\n\t\t\t\t\t<div class=\"elementor-column elementor-col-100 elementor-top-column elementor-element elementor-element-6a14a3c\" data-id=\"6a14a3c\" data-element_type=\"column\">\n\t\t\t<div class=\"elementor-widget-wrap elementor-element-populated\">\n\t\t\t\t\t\t\t<\/div>\n\t\t<\/div>\n\t\t\t\t\t<\/div>\n\t\t<\/section>\n\t\t\t\t<section class=\"elementor-section elementor-top-section elementor-element elementor-element-ef676a4 elementor-section-boxed elementor-section-height-default elementor-section-height-default\" data-id=\"ef676a4\" data-element_type=\"section\">\n\t\t\t\t\t\t<div class=\"elementor-container elementor-column-gap-default\">\n\t\t\t\t\t<div class=\"elementor-column elementor-col-50 elementor-top-column elementor-element elementor-element-37ab75b\" data-id=\"37ab75b\" data-element_type=\"column\">\n\t\t\t<div class=\"elementor-widget-wrap elementor-element-populated\">\n\t\t\t\t\t\t<div class=\"elementor-element elementor-element-b0eaf75 elementor-widget elementor-widget-image\" data-id=\"b0eaf75\" data-element_type=\"widget\" data-widget_type=\"image.default\">\n\t\t\t\t<div class=\"elementor-widget-container\">\n\t\t\t\t\t\t\t\t\t\t\t\t\t\t\t<img loading=\"lazy\" decoding=\"async\" width=\"768\" height=\"513\" src=\"https:\/\/sievinkennelkerho.fi\/smtoko2022\/wp-content\/uploads\/2022\/05\/DSC3954-768x513.jpg\" class=\"attachment-medium_large size-medium_large wp-image-441\" alt=\"\" srcset=\"https:\/\/sievinkennelkerho.fi\/smtoko2022\/wp-content\/uploads\/2022\/05\/DSC3954-768x513.jpg 768w, https:\/\/sievinkennelkerho.fi\/smtoko2022\/wp-content\/uploads\/2022\/05\/DSC3954-300x200.jpg 300w, https:\/\/sievinkennelkerho.fi\/smtoko2022\/wp-content\/uploads\/2022\/05\/DSC3954-1024x684.jpg 1024w, https:\/\/sievinkennelkerho.fi\/smtoko2022\/wp-content\/uploads\/2022\/05\/DSC3954-1536x1025.jpg 1536w, https:\/\/sievinkennelkerho.fi\/smtoko2022\/wp-content\/uploads\/2022\/05\/DSC3954.jpg 2048w\" sizes=\"(max-width: 768px) 100vw, 768px\" \/>\t\t\t\t\t\t\t\t\t\t\t\t\t\t\t<\/div>\n\t\t\t\t<\/div>\n\t\t\t\t\t<\/div>\n\t\t<\/div>\n\t\t\t\t<div class=\"elementor-column elementor-col-50 elementor-top-column elementor-element elementor-element-b962b6c\" data-id=\"b962b6c\" data-element_type=\"column\">\n\t\t\t<div class=\"elementor-widget-wrap elementor-element-populated\">\n\t\t\t\t\t\t<div class=\"elementor-element elementor-element-29c486c elementor-widget elementor-widget-image\" data-id=\"29c486c\" data-element_type=\"widget\" data-widget_type=\"image.default\">\n\t\t\t\t<div class=\"elementor-widget-container\">\n\t\t\t\t\t\t\t\t\t\t\t\t\t\t\t<img loading=\"lazy\" decoding=\"async\" width=\"768\" height=\"513\" src=\"https:\/\/sievinkennelkerho.fi\/smtoko2022\/wp-content\/uploads\/2022\/05\/DSC3982-768x513.jpg\" class=\"attachment-medium_large size-medium_large wp-image-443\" alt=\"\" srcset=\"https:\/\/sievinkennelkerho.fi\/smtoko2022\/wp-content\/uploads\/2022\/05\/DSC3982-768x513.jpg 768w, https:\/\/sievinkennelkerho.fi\/smtoko2022\/wp-content\/uploads\/2022\/05\/DSC3982-300x200.jpg 300w, https:\/\/sievinkennelkerho.fi\/smtoko2022\/wp-content\/uploads\/2022\/05\/DSC3982-1024x684.jpg 1024w, https:\/\/sievinkennelkerho.fi\/smtoko2022\/wp-content\/uploads\/2022\/05\/DSC3982-1536x1025.jpg 1536w, https:\/\/sievinkennelkerho.fi\/smtoko2022\/wp-content\/uploads\/2022\/05\/DSC3982.jpg 2048w\" sizes=\"(max-width: 768px) 100vw, 768px\" \/>\t\t\t\t\t\t\t\t\t\t\t\t\t\t\t<\/div>\n\t\t\t\t<\/div>\n\t\t\t\t\t<\/div>\n\t\t<\/div>\n\t\t\t\t\t<\/div>\n\t\t<\/section>\n\t\t\t\t<section class=\"elementor-section elementor-top-section elementor-element elementor-element-497ec1c elementor-section-boxed elementor-section-height-default elementor-section-height-default\" data-id=\"497ec1c\" data-element_type=\"section\">\n\t\t\t\t\t\t<div class=\"elementor-container elementor-column-gap-default\">\n\t\t\t\t\t<div class=\"elementor-column elementor-col-50 elementor-top-column elementor-element elementor-element-3beba3f\" data-id=\"3beba3f\" data-element_type=\"column\">\n\t\t\t<div class=\"elementor-widget-wrap elementor-element-populated\">\n\t\t\t\t\t\t<div class=\"elementor-element elementor-element-65da144 elementor-widget elementor-widget-image\" data-id=\"65da144\" data-element_type=\"widget\" data-widget_type=\"image.default\">\n\t\t\t\t<div class=\"elementor-widget-container\">\n\t\t\t\t\t\t\t\t\t\t\t\t\t\t\t<img loading=\"lazy\" decoding=\"async\" width=\"800\" height=\"600\" src=\"https:\/\/sievinkennelkerho.fi\/smtoko2022\/wp-content\/uploads\/2022\/05\/IMG_20220519_182012-1024x768.jpg\" class=\"attachment-large size-large wp-image-445\" alt=\"\" srcset=\"https:\/\/sievinkennelkerho.fi\/smtoko2022\/wp-content\/uploads\/2022\/05\/IMG_20220519_182012-1024x768.jpg 1024w, https:\/\/sievinkennelkerho.fi\/smtoko2022\/wp-content\/uploads\/2022\/05\/IMG_20220519_182012-300x225.jpg 300w, https:\/\/sievinkennelkerho.fi\/smtoko2022\/wp-content\/uploads\/2022\/05\/IMG_20220519_182012-768x576.jpg 768w, https:\/\/sievinkennelkerho.fi\/smtoko2022\/wp-content\/uploads\/2022\/05\/IMG_20220519_182012-1536x1152.jpg 1536w, https:\/\/sievinkennelkerho.fi\/smtoko2022\/wp-content\/uploads\/2022\/05\/IMG_20220519_182012.jpg 2048w\" sizes=\"(max-width: 800px) 100vw, 800px\" \/>\t\t\t\t\t\t\t\t\t\t\t\t\t\t\t<\/div>\n\t\t\t\t<\/div>\n\t\t\t\t\t<\/div>\n\t\t<\/div>\n\t\t\t\t<div class=\"elementor-column elementor-col-50 elementor-top-column elementor-element elementor-element-180544d\" data-id=\"180544d\" data-element_type=\"column\">\n\t\t\t<div class=\"elementor-widget-wrap elementor-element-populated\">\n\t\t\t\t\t\t<div class=\"elementor-element elementor-element-1324f71 elementor-widget elementor-widget-image\" data-id=\"1324f71\" data-element_type=\"widget\" data-widget_type=\"image.default\">\n\t\t\t\t<div class=\"elementor-widget-container\">\n\t\t\t\t\t\t\t\t\t\t\t\t\t\t\t<img loading=\"lazy\" decoding=\"async\" width=\"800\" height=\"600\" src=\"https:\/\/sievinkennelkerho.fi\/smtoko2022\/wp-content\/uploads\/2022\/05\/IMG_20220519_182351-1024x768.jpg\" class=\"attachment-large size-large wp-image-451\" alt=\"\" srcset=\"https:\/\/sievinkennelkerho.fi\/smtoko2022\/wp-content\/uploads\/2022\/05\/IMG_20220519_182351-1024x768.jpg 1024w, https:\/\/sievinkennelkerho.fi\/smtoko2022\/wp-content\/uploads\/2022\/05\/IMG_20220519_182351-300x225.jpg 300w, https:\/\/sievinkennelkerho.fi\/smtoko2022\/wp-content\/uploads\/2022\/05\/IMG_20220519_182351-768x576.jpg 768w, https:\/\/sievinkennelkerho.fi\/smtoko2022\/wp-content\/uploads\/2022\/05\/IMG_20220519_182351-1536x1152.jpg 1536w, https:\/\/sievinkennelkerho.fi\/smtoko2022\/wp-content\/uploads\/2022\/05\/IMG_20220519_182351.jpg 2048w\" sizes=\"(max-width: 800px) 100vw, 800px\" \/>\t\t\t\t\t\t\t\t\t\t\t\t\t\t\t<\/div>\n\t\t\t\t<\/div>\n\t\t\t\t\t<\/div>\n\t\t<\/div>\n\t\t\t\t\t<\/div>\n\t\t<\/section>\n\t\t\t\t<section class=\"elementor-section elementor-top-section elementor-element elementor-element-98b8471 elementor-section-boxed elementor-section-height-default elementor-section-height-default\" data-id=\"98b8471\" data-element_type=\"section\">\n\t\t\t\t\t\t<div class=\"elementor-container elementor-column-gap-default\">\n\t\t\t\t\t<div class=\"elementor-column elementor-col-50 elementor-top-column elementor-element elementor-element-1c36a25\" data-id=\"1c36a25\" data-element_type=\"column\">\n\t\t\t<div class=\"elementor-widget-wrap elementor-element-populated\">\n\t\t\t\t\t\t<div class=\"elementor-element elementor-element-f915e6d elementor-widget elementor-widget-image\" data-id=\"f915e6d\" data-element_type=\"widget\" data-widget_type=\"image.default\">\n\t\t\t\t<div class=\"elementor-widget-container\">\n\t\t\t\t\t\t\t\t\t\t\t\t\t\t\t<img loading=\"lazy\" decoding=\"async\" width=\"300\" height=\"120\" src=\"https:\/\/sievinkennelkerho.fi\/smtoko2022\/wp-content\/uploads\/2022\/05\/SPKL-silhuettilogo_painolaatu-copy-300x120.jpg\" class=\"attachment-medium size-medium wp-image-461\" alt=\"\" srcset=\"https:\/\/sievinkennelkerho.fi\/smtoko2022\/wp-content\/uploads\/2022\/05\/SPKL-silhuettilogo_painolaatu-copy-300x120.jpg 300w, https:\/\/sievinkennelkerho.fi\/smtoko2022\/wp-content\/uploads\/2022\/05\/SPKL-silhuettilogo_painolaatu-copy-1024x411.jpg 1024w, https:\/\/sievinkennelkerho.fi\/smtoko2022\/wp-content\/uploads\/2022\/05\/SPKL-silhuettilogo_painolaatu-copy-768x308.jpg 768w, https:\/\/sievinkennelkerho.fi\/smtoko2022\/wp-content\/uploads\/2022\/05\/SPKL-silhuettilogo_painolaatu-copy-1536x616.jpg 1536w, https:\/\/sievinkennelkerho.fi\/smtoko2022\/wp-content\/uploads\/2022\/05\/SPKL-silhuettilogo_painolaatu-copy-2048x821.jpg 2048w\" sizes=\"(max-width: 300px) 100vw, 300px\" \/>\t\t\t\t\t\t\t\t\t\t\t\t\t\t\t<\/div>\n\t\t\t\t<\/div>\n\t\t\t\t\t<\/div>\n\t\t<\/div>\n\t\t\t\t<div class=\"elementor-column elementor-col-50 elementor-top-column elementor-element elementor-element-a2be924\" data-id=\"a2be924\" data-element_type=\"column\">\n\t\t\t<div class=\"elementor-widget-wrap elementor-element-populated\">\n\t\t\t\t\t\t<div class=\"elementor-element elementor-element-c3eacc9 elementor-widget elementor-widget-image\" data-id=\"c3eacc9\" data-element_type=\"widget\" data-widget_type=\"image.default\">\n\t\t\t\t<div class=\"elementor-widget-container\">\n\t\t\t\t\t\t\t\t\t\t\t\t\t\t\t<img loading=\"lazy\" decoding=\"async\" width=\"256\" height=\"126\" src=\"https:\/\/sievinkennelkerho.fi\/smtoko2022\/wp-content\/uploads\/2022\/05\/logo-alekkain.jpg\" class=\"attachment-medium size-medium wp-image-458\" alt=\"\" \/>\t\t\t\t\t\t\t\t\t\t\t\t\t\t\t<\/div>\n\t\t\t\t<\/div>\n\t\t\t\t\t<\/div>\n\t\t<\/div>\n\t\t\t\t\t<\/div>\n\t\t<\/section>\n\t\t\t\t<\/div>\n\t\t","protected":false},"excerpt":{"rendered":"<p>Kisapaikka Tuiskulan kentt\u00e4Tuiskutie 285500 Nivala Tuiskulan urheilukentt\u00e4 on kokonaan aidattu alue. Kilpailupaikalla ruokahuollosta vastaa kisakent\u00e4n vieress\u00e4 sijaitsevaTuiskula\u00a0https:\/\/www.tuiskula-nivala.fi\/burger-fox\u00a0 Kilpailupaikan parkkialue on Tuiskulan urheilukent\u00e4n maksuton p-paikka. Paikalla on my\u00f6s parkkiin ohjaus. Telttapaikat merkit\u00e4\u00e4n urheilukent\u00e4n reunalle<\/p>\n","protected":false},"author":1,"featured_media":0,"parent":0,"menu_order":0,"comment_status":"closed","ping_status":"closed","template":"","meta":{"footnotes":""},"class_list":["post-187","page","type-page","status-publish","hentry"],"_links":{"self":[{"href":"https:\/\/sievinkennelkerho.fi\/smtoko2022\/wp-json\/wp\/v2\/pages\/187","targetHints":{"allow":["GET"]}}],"collection":[{"href":"https:\/\/sievinkennelkerho.fi\/smtoko2022\/wp-json\/wp\/v2\/pages"}],"about":[{"href":"https:\/\/sievinkennelkerho.fi\/smtoko2022\/wp-json\/wp\/v2\/types\/page"}],"author":[{"embeddable":true,"href":"https:\/\/sievinkennelkerho.fi\/smtoko2022\/wp-json\/wp\/v2\/users\/1"}],"replies":[{"embeddable":true,"href":"https:\/\/sievinkennelkerho.fi\/smtoko2022\/wp-json\/wp\/v2\/comments?post=187"}],"version-history":[{"count":52,"href":"https:\/\/sievinkennelkerho.fi\/smtoko2022\/wp-json\/wp\/v2\/pages\/187\/revisions"}],"predecessor-version":[{"id":499,"href":"https:\/\/sievinkennelkerho.fi\/smtoko2022\/wp-json\/wp\/v2\/pages\/187\/revisions\/499"}],"wp:attachment":[{"href":"https:\/\/sievinkennelkerho.fi\/smtoko2022\/wp-json\/wp\/v2\/media?parent=187"}],"curies":[{"name":"wp","href":"https:\/\/api.w.org\/{rel}","templated":true}]}}