{"id":199,"date":"2022-01-12T17:36:15","date_gmt":"2022-01-12T17:36:15","guid":{"rendered":"https:\/\/sievinkennelkerho.fi\/smtoko2022\/?page_id=199"},"modified":"2022-08-03T15:12:43","modified_gmt":"2022-08-03T15:12:43","slug":"aikataulu-ja-kisakirje","status":"publish","type":"page","link":"https:\/\/sievinkennelkerho.fi\/smtoko2022\/aikataulu-ja-kisakirje\/","title":{"rendered":"Aikataulu ja kisakirje"},"content":{"rendered":"\t\t<div data-elementor-type=\"wp-page\" data-elementor-id=\"199\" class=\"elementor elementor-199\">\n\t\t\t\t\t\t<section class=\"elementor-section elementor-top-section elementor-element elementor-element-7a223f2 elementor-section-height-min-height elementor-section-items-bottom elementor-section-boxed elementor-section-height-default\" data-id=\"7a223f2\" data-element_type=\"section\" data-settings=\"{&quot;background_background&quot;:&quot;classic&quot;,&quot;shape_divider_bottom&quot;:&quot;mountains&quot;}\">\n\t\t\t\t\t\t\t<div class=\"elementor-background-overlay\"><\/div>\n\t\t\t\t\t\t<div class=\"elementor-shape elementor-shape-bottom\" data-negative=\"false\">\n\t\t\t<svg xmlns=\"http:\/\/www.w3.org\/2000\/svg\" viewBox=\"0 0 1000 100\" preserveAspectRatio=\"none\">\n\t<path class=\"elementor-shape-fill\" opacity=\"0.33\" d=\"M473,67.3c-203.9,88.3-263.1-34-320.3,0C66,119.1,0,59.7,0,59.7V0h1000v59.7 c0,0-62.1,26.1-94.9,29.3c-32.8,3.3-62.8-12.3-75.8-22.1C806,49.6,745.3,8.7,694.9,4.7S492.4,59,473,67.3z\"\/>\n\t<path class=\"elementor-shape-fill\" opacity=\"0.66\" d=\"M734,67.3c-45.5,0-77.2-23.2-129.1-39.1c-28.6-8.7-150.3-10.1-254,39.1 s-91.7-34.4-149.2,0C115.7,118.3,0,39.8,0,39.8V0h1000v36.5c0,0-28.2-18.5-92.1-18.5C810.2,18.1,775.7,67.3,734,67.3z\"\/>\n\t<path class=\"elementor-shape-fill\" d=\"M766.1,28.9c-200-57.5-266,65.5-395.1,19.5C242,1.8,242,5.4,184.8,20.6C128,35.8,132.3,44.9,89.9,52.5C28.6,63.7,0,0,0,0 h1000c0,0-9.9,40.9-83.6,48.1S829.6,47,766.1,28.9z\"\/>\n<\/svg>\t\t<\/div>\n\t\t\t\t\t<div class=\"elementor-container elementor-column-gap-default\">\n\t\t\t\t\t<div class=\"elementor-column elementor-col-100 elementor-top-column elementor-element elementor-element-85b1b16\" data-id=\"85b1b16\" data-element_type=\"column\">\n\t\t\t<div class=\"elementor-widget-wrap elementor-element-populated\">\n\t\t\t\t\t\t<div class=\"elementor-element elementor-element-74c3f9d elementor-widget elementor-widget-heading\" data-id=\"74c3f9d\" data-element_type=\"widget\" data-widget_type=\"heading.default\">\n\t\t\t\t<div class=\"elementor-widget-container\">\n\t\t\t\t\t<h4 class=\"elementor-heading-title elementor-size-medium\">Aikataulut ja kisakirje<br><br><\/h4>\t\t\t\t<\/div>\n\t\t\t\t<\/div>\n\t\t\t\t\t<\/div>\n\t\t<\/div>\n\t\t\t\t\t<\/div>\n\t\t<\/section>\n\t\t\t\t<section class=\"elementor-section elementor-top-section elementor-element elementor-element-180dbf0 elementor-section-boxed elementor-section-height-default elementor-section-height-default\" data-id=\"180dbf0\" data-element_type=\"section\">\n\t\t\t\t\t\t<div class=\"elementor-container elementor-column-gap-default\">\n\t\t\t\t\t<div class=\"elementor-column elementor-col-100 elementor-top-column elementor-element elementor-element-11dab0c\" data-id=\"11dab0c\" data-element_type=\"column\">\n\t\t\t<div class=\"elementor-widget-wrap elementor-element-populated\">\n\t\t\t\t\t\t<div class=\"elementor-element elementor-element-f4d85ff elementor-widget-divider--view-line elementor-widget elementor-widget-divider\" data-id=\"f4d85ff\" data-element_type=\"widget\" data-widget_type=\"divider.default\">\n\t\t\t\t<div class=\"elementor-widget-container\">\n\t\t\t\t\t\t\t<div class=\"elementor-divider\">\n\t\t\t<span class=\"elementor-divider-separator\">\n\t\t\t\t\t\t<\/span>\n\t\t<\/div>\n\t\t\t\t\t\t<\/div>\n\t\t\t\t<\/div>\n\t\t\t\t\t<\/div>\n\t\t<\/div>\n\t\t\t\t\t<\/div>\n\t\t<\/section>\n\t\t\t\t<section class=\"elementor-section elementor-top-section elementor-element elementor-element-8308aed elementor-section-boxed elementor-section-height-default elementor-section-height-default\" data-id=\"8308aed\" data-element_type=\"section\">\n\t\t\t\t\t\t<div class=\"elementor-container elementor-column-gap-default\">\n\t\t\t\t\t<div class=\"elementor-column elementor-col-33 elementor-top-column elementor-element elementor-element-1deefb6\" data-id=\"1deefb6\" data-element_type=\"column\">\n\t\t\t<div class=\"elementor-widget-wrap elementor-element-populated\">\n\t\t\t\t\t\t<div class=\"elementor-element elementor-element-066b2ed elementor-align-right elementor-widget__width-initial elementor-widget elementor-widget-button\" data-id=\"066b2ed\" data-element_type=\"widget\" data-widget_type=\"button.default\">\n\t\t\t\t<div class=\"elementor-widget-container\">\n\t\t\t\t\t\t\t\t\t<div class=\"elementor-button-wrapper\">\n\t\t\t\t\t<a class=\"elementor-button elementor-button-link elementor-size-lg\" href=\"https:\/\/sievinkennelkerho.fi\/smtoko2022\/wp-content\/uploads\/2022\/07\/KisakirjeSMtoko2022.pdf\" target=\"_blank\">\n\t\t\t\t\t\t<span class=\"elementor-button-content-wrapper\">\n\t\t\t\t\t\t\t\t\t<span class=\"elementor-button-text\">KISAKIRJE<\/span>\n\t\t\t\t\t<\/span>\n\t\t\t\t\t<\/a>\n\t\t\t\t<\/div>\n\t\t\t\t\t\t\t\t<\/div>\n\t\t\t\t<\/div>\n\t\t\t\t\t<\/div>\n\t\t<\/div>\n\t\t\t\t<div class=\"elementor-column elementor-col-33 elementor-top-column elementor-element elementor-element-6000f92\" data-id=\"6000f92\" data-element_type=\"column\">\n\t\t\t<div class=\"elementor-widget-wrap elementor-element-populated\">\n\t\t\t\t\t\t<div class=\"elementor-element elementor-element-b9b8c80 elementor-align-center elementor-widget elementor-widget-button\" data-id=\"b9b8c80\" data-element_type=\"widget\" data-widget_type=\"button.default\">\n\t\t\t\t<div class=\"elementor-widget-container\">\n\t\t\t\t\t\t\t\t\t<div class=\"elementor-button-wrapper\">\n\t\t\t\t\t<a class=\"elementor-button elementor-button-link elementor-size-xl\" href=\"https:\/\/sievinkennelkerho.fi\/smtoko2022\/wp-content\/uploads\/2022\/08\/lahtolistattokosm2022.pdf\" target=\"_blank\">\n\t\t\t\t\t\t<span class=\"elementor-button-content-wrapper\">\n\t\t\t\t\t\t\t\t\t<span class=\"elementor-button-text\">L\u00c4HT\u00d6LISTAT<\/span>\n\t\t\t\t\t<\/span>\n\t\t\t\t\t<\/a>\n\t\t\t\t<\/div>\n\t\t\t\t\t\t\t\t<\/div>\n\t\t\t\t<\/div>\n\t\t\t\t\t<\/div>\n\t\t<\/div>\n\t\t\t\t<div class=\"elementor-column elementor-col-33 elementor-top-column elementor-element elementor-element-ad8b926\" data-id=\"ad8b926\" data-element_type=\"column\">\n\t\t\t<div class=\"elementor-widget-wrap elementor-element-populated\">\n\t\t\t\t\t\t<div class=\"elementor-element elementor-element-6903d68 elementor-widget elementor-widget-image\" data-id=\"6903d68\" data-element_type=\"widget\" data-widget_type=\"image.default\">\n\t\t\t\t<div class=\"elementor-widget-container\">\n\t\t\t\t\t\t\t\t\t\t\t\t\t\t\t\t<a href=\"https:\/\/sievinkennelkerho.fi\/smtoko2022\/wp-content\/uploads\/2022\/07\/Lopullinen-kartta-scaled.jpg\" data-elementor-open-lightbox=\"yes\" data-elementor-lightbox-title=\"Lopullinen kartta\" data-e-action-hash=\"#elementor-action%3Aaction%3Dlightbox%26settings%3DeyJpZCI6NjY0LCJ1cmwiOiJodHRwczpcL1wvc2lldmlua2VubmVsa2VyaG8uZmlcL3NtdG9rbzIwMjJcL3dwLWNvbnRlbnRcL3VwbG9hZHNcLzIwMjJcLzA3XC9Mb3B1bGxpbmVuLWthcnR0YS1zY2FsZWQuanBnIn0%3D\">\n\t\t\t\t\t\t\t<img fetchpriority=\"high\" decoding=\"async\" width=\"300\" height=\"212\" src=\"https:\/\/sievinkennelkerho.fi\/smtoko2022\/wp-content\/uploads\/2022\/07\/Lopullinen-kartta-300x212.jpg\" class=\"attachment-medium size-medium wp-image-664\" alt=\"\" srcset=\"https:\/\/sievinkennelkerho.fi\/smtoko2022\/wp-content\/uploads\/2022\/07\/Lopullinen-kartta-300x212.jpg 300w, https:\/\/sievinkennelkerho.fi\/smtoko2022\/wp-content\/uploads\/2022\/07\/Lopullinen-kartta-1024x724.jpg 1024w, https:\/\/sievinkennelkerho.fi\/smtoko2022\/wp-content\/uploads\/2022\/07\/Lopullinen-kartta-768x543.jpg 768w, https:\/\/sievinkennelkerho.fi\/smtoko2022\/wp-content\/uploads\/2022\/07\/Lopullinen-kartta-1536x1086.jpg 1536w, https:\/\/sievinkennelkerho.fi\/smtoko2022\/wp-content\/uploads\/2022\/07\/Lopullinen-kartta-2048x1448.jpg 2048w\" sizes=\"(max-width: 300px) 100vw, 300px\" \/>\t\t\t\t\t\t\t\t<\/a>\n\t\t\t\t\t\t\t\t\t\t\t\t\t\t\t<\/div>\n\t\t\t\t<\/div>\n\t\t\t\t\t<\/div>\n\t\t<\/div>\n\t\t\t\t\t<\/div>\n\t\t<\/section>\n\t\t\t\t<section class=\"elementor-section elementor-top-section elementor-element elementor-element-ba48ae1 elementor-section-boxed elementor-section-height-default elementor-section-height-default\" data-id=\"ba48ae1\" data-element_type=\"section\">\n\t\t\t\t\t\t<div class=\"elementor-container elementor-column-gap-default\">\n\t\t\t\t\t<div class=\"elementor-column elementor-col-33 elementor-top-column elementor-element elementor-element-9d49d36\" data-id=\"9d49d36\" data-element_type=\"column\">\n\t\t\t<div class=\"elementor-widget-wrap\">\n\t\t\t\t\t\t\t<\/div>\n\t\t<\/div>\n\t\t\t\t<div class=\"elementor-column elementor-col-33 elementor-top-column elementor-element elementor-element-2a1cf61\" data-id=\"2a1cf61\" data-element_type=\"column\">\n\t\t\t<div class=\"elementor-widget-wrap\">\n\t\t\t\t\t\t\t<\/div>\n\t\t<\/div>\n\t\t\t\t<div class=\"elementor-column elementor-col-33 elementor-top-column elementor-element elementor-element-2b3e893\" data-id=\"2b3e893\" data-element_type=\"column\">\n\t\t\t<div class=\"elementor-widget-wrap elementor-element-populated\">\n\t\t\t\t\t\t<div class=\"elementor-element elementor-element-a25f108 elementor-widget elementor-widget-text-editor\" data-id=\"a25f108\" data-element_type=\"widget\" data-widget_type=\"text-editor.default\">\n\t\t\t\t<div class=\"elementor-widget-container\">\n\t\t\t\t\t\t\t\t\t<p>\u00a0 \u00a0 \u00a0 \u00a0 \u00a0 \u00a0 \u00a0 \u00a0 \u00a0 \u00a0 \u00a0 \u00a0ALUEKARTTA<\/p>\t\t\t\t\t\t\t\t<\/div>\n\t\t\t\t<\/div>\n\t\t\t\t\t<\/div>\n\t\t<\/div>\n\t\t\t\t\t<\/div>\n\t\t<\/section>\n\t\t\t\t<section class=\"elementor-section elementor-top-section elementor-element elementor-element-68902eb elementor-section-boxed elementor-section-height-default elementor-section-height-default\" data-id=\"68902eb\" data-element_type=\"section\">\n\t\t\t\t\t\t<div class=\"elementor-container elementor-column-gap-default\">\n\t\t\t\t\t<div class=\"elementor-column elementor-col-100 elementor-top-column elementor-element elementor-element-615dbfa\" data-id=\"615dbfa\" data-element_type=\"column\">\n\t\t\t<div class=\"elementor-widget-wrap elementor-element-populated\">\n\t\t\t\t\t\t<div class=\"elementor-element elementor-element-b440f39 elementor-widget-divider--view-line elementor-widget elementor-widget-divider\" data-id=\"b440f39\" data-element_type=\"widget\" data-widget_type=\"divider.default\">\n\t\t\t\t<div class=\"elementor-widget-container\">\n\t\t\t\t\t\t\t<div class=\"elementor-divider\">\n\t\t\t<span class=\"elementor-divider-separator\">\n\t\t\t\t\t\t<\/span>\n\t\t<\/div>\n\t\t\t\t\t\t<\/div>\n\t\t\t\t<\/div>\n\t\t\t\t\t<\/div>\n\t\t<\/div>\n\t\t\t\t\t<\/div>\n\t\t<\/section>\n\t\t\t\t<section class=\"elementor-section elementor-top-section elementor-element elementor-element-09f600c elementor-section-boxed elementor-section-height-default elementor-section-height-default\" data-id=\"09f600c\" data-element_type=\"section\">\n\t\t\t\t\t\t<div class=\"elementor-container elementor-column-gap-default\">\n\t\t\t\t\t<div class=\"elementor-column elementor-col-100 elementor-top-column elementor-element elementor-element-71975c1\" data-id=\"71975c1\" data-element_type=\"column\">\n\t\t\t<div class=\"elementor-widget-wrap elementor-element-populated\">\n\t\t\t\t\t\t<div class=\"elementor-element elementor-element-665cf43 elementor-widget elementor-widget-text-editor\" data-id=\"665cf43\" data-element_type=\"widget\" data-widget_type=\"text-editor.default\">\n\t\t\t\t<div class=\"elementor-widget-container\">\n\t\t\t\t\t\t\t\t\t<h2 style=\"text-align: center;\">Lauantai<\/h2><div>\u00a0<\/div>\t\t\t\t\t\t\t\t<\/div>\n\t\t\t\t<\/div>\n\t\t\t\t\t<\/div>\n\t\t<\/div>\n\t\t\t\t\t<\/div>\n\t\t<\/section>\n\t\t\t\t<section class=\"elementor-section elementor-top-section elementor-element elementor-element-6adf436 elementor-section-boxed elementor-section-height-default elementor-section-height-default\" data-id=\"6adf436\" data-element_type=\"section\">\n\t\t\t\t\t\t<div class=\"elementor-container elementor-column-gap-default\">\n\t\t\t\t\t<div class=\"elementor-column elementor-col-33 elementor-top-column elementor-element elementor-element-a537a05\" data-id=\"a537a05\" data-element_type=\"column\">\n\t\t\t<div class=\"elementor-widget-wrap elementor-element-populated\">\n\t\t\t\t\t\t\t<\/div>\n\t\t<\/div>\n\t\t\t\t<div class=\"elementor-column elementor-col-33 elementor-top-column elementor-element elementor-element-7e673a5\" data-id=\"7e673a5\" data-element_type=\"column\">\n\t\t\t<div class=\"elementor-widget-wrap elementor-element-populated\">\n\t\t\t\t\t\t<div class=\"elementor-element elementor-element-2059a78 elementor-widget elementor-widget-text-editor\" data-id=\"2059a78\" data-element_type=\"widget\" data-widget_type=\"text-editor.default\">\n\t\t\t\t<div class=\"elementor-widget-container\">\n\t\t\t\t\t\t\t\t\t<p><strong style=\"color: var( --e-global-color-text ); font-family: var( --e-global-typography-text-font-family ), Sans-serif; font-size: 1rem;\">AVO1\u00a0tuomari\u00a0Marjo\u00a0Halmiala<\/strong><\/p><p>Paikalla\u00a0istuminen<br \/>Luoksetulo<br \/><br \/><\/p><p><strong>AVO2\u00a0tuomari\u00a0Vesa\u00a0Kallio<\/strong><br \/>Pys\u00e4htyminen\u00a0(seiso\u00a0\/\u00a0istu\u00a0\/\u00a0maahan)\u00a0seuraamisen\u00a0yhteydess\u00e4<br \/>Kauko-ohjaus<br \/>Kartioryhm\u00e4n\u00a0kiert\u00e4minen<br \/><br \/><\/p><p><strong>AVO3 tuomari Kaarina Piril\u00e4<\/strong><br \/>L\u00e4hett\u00e4minen\u00a0m\u00e4\u00e4r\u00e4tylle\u00a0paikalle\u00a0ja\u00a0maahanmeno<br \/>Seuraaminen<br \/>Hyppynouto<\/p>\t\t\t\t\t\t\t\t<\/div>\n\t\t\t\t<\/div>\n\t\t\t\t\t<\/div>\n\t\t<\/div>\n\t\t\t\t<div class=\"elementor-column elementor-col-33 elementor-top-column elementor-element elementor-element-43892d1\" data-id=\"43892d1\" data-element_type=\"column\">\n\t\t\t<div class=\"elementor-widget-wrap elementor-element-populated\">\n\t\t\t\t\t\t<div class=\"elementor-element elementor-element-a8decb8 elementor-widget elementor-widget-text-editor\" data-id=\"a8decb8\" data-element_type=\"widget\" data-widget_type=\"text-editor.default\">\n\t\t\t\t<div class=\"elementor-widget-container\">\n\t\t\t\t\t\t\t\t\t<p><strong style=\"color: var( --e-global-color-text ); font-family: var( --e-global-typography-text-font-family ), Sans-serif; font-size: 1rem;\">EVL1\u00a0tuomari\u00a0Carina\u00a0Savander-Ranne<\/strong><strong><br \/><\/strong><\/p><p>Paikalla\u00a0istuminen<br \/>Paikalla\u00a0makaaminen\u00a0ja\u00a0luoksetulo<br \/>Tunnistusnouto<\/p><p><strong>EVL2 tuomari Heli Herranen<\/strong><br \/>Luoksetulo<br \/>Liike\u00a03\u00a0ja\u00a04<br \/>Ohjattu\u00a0noutaminen<\/p><p><strong>EVL3 tuomari P\u00e4ivi Kivel\u00e4<\/strong><br \/>Kauko-ohjaus<br \/>Kartioryhm\u00e4n kiert\u00e4minen, pys\u00e4htyminen ja ohjattu noutaminen esteen yli hyp\u00e4ten<br \/>L\u00e4hett\u00e4minen m\u00e4\u00e4r\u00e4tylle paikalle, maahanmeno jaluoksetulo<\/p>\t\t\t\t\t\t\t\t<\/div>\n\t\t\t\t<\/div>\n\t\t\t\t\t<\/div>\n\t\t<\/div>\n\t\t\t\t\t<\/div>\n\t\t<\/section>\n\t\t\t\t<section class=\"elementor-section elementor-top-section elementor-element elementor-element-8f4a23b elementor-section-boxed elementor-section-height-default elementor-section-height-default\" data-id=\"8f4a23b\" data-element_type=\"section\">\n\t\t\t\t\t\t<div class=\"elementor-container elementor-column-gap-default\">\n\t\t\t\t\t<div class=\"elementor-column elementor-col-100 elementor-top-column elementor-element elementor-element-e71d239\" data-id=\"e71d239\" data-element_type=\"column\">\n\t\t\t<div class=\"elementor-widget-wrap elementor-element-populated\">\n\t\t\t\t\t\t<div class=\"elementor-element elementor-element-161f9e8 elementor-widget-divider--view-line elementor-widget elementor-widget-divider\" data-id=\"161f9e8\" data-element_type=\"widget\" data-widget_type=\"divider.default\">\n\t\t\t\t<div class=\"elementor-widget-container\">\n\t\t\t\t\t\t\t<div class=\"elementor-divider\">\n\t\t\t<span class=\"elementor-divider-separator\">\n\t\t\t\t\t\t<\/span>\n\t\t<\/div>\n\t\t\t\t\t\t<\/div>\n\t\t\t\t<\/div>\n\t\t\t\t\t<\/div>\n\t\t<\/div>\n\t\t\t\t\t<\/div>\n\t\t<\/section>\n\t\t\t\t<section class=\"elementor-section elementor-top-section elementor-element elementor-element-1cbe72a elementor-section-boxed elementor-section-height-default elementor-section-height-default\" data-id=\"1cbe72a\" data-element_type=\"section\">\n\t\t\t\t\t\t<div class=\"elementor-container elementor-column-gap-default\">\n\t\t\t\t\t<div class=\"elementor-column elementor-col-100 elementor-top-column elementor-element elementor-element-1a32086\" data-id=\"1a32086\" data-element_type=\"column\">\n\t\t\t<div class=\"elementor-widget-wrap elementor-element-populated\">\n\t\t\t\t\t\t<div class=\"elementor-element elementor-element-c5a0d4e elementor-widget elementor-widget-text-editor\" data-id=\"c5a0d4e\" data-element_type=\"widget\" data-widget_type=\"text-editor.default\">\n\t\t\t\t<div class=\"elementor-widget-container\">\n\t\t\t\t\t\t\t\t\t<h2 style=\"text-align: center;\">Sunnuntai<\/h2>\t\t\t\t\t\t\t\t<\/div>\n\t\t\t\t<\/div>\n\t\t\t\t\t<\/div>\n\t\t<\/div>\n\t\t\t\t\t<\/div>\n\t\t<\/section>\n\t\t\t\t<section class=\"elementor-section elementor-top-section elementor-element elementor-element-054dd6a elementor-section-boxed elementor-section-height-default elementor-section-height-default\" data-id=\"054dd6a\" data-element_type=\"section\">\n\t\t\t\t\t\t<div class=\"elementor-container elementor-column-gap-default\">\n\t\t\t\t\t<div class=\"elementor-column elementor-col-33 elementor-top-column elementor-element elementor-element-8eadb15\" data-id=\"8eadb15\" data-element_type=\"column\">\n\t\t\t<div class=\"elementor-widget-wrap elementor-element-populated\">\n\t\t\t\t\t\t\t<\/div>\n\t\t<\/div>\n\t\t\t\t<div class=\"elementor-column elementor-col-33 elementor-top-column elementor-element elementor-element-c718fa9\" data-id=\"c718fa9\" data-element_type=\"column\">\n\t\t\t<div class=\"elementor-widget-wrap elementor-element-populated\">\n\t\t\t\t\t\t<div class=\"elementor-element elementor-element-e4871fc elementor-widget elementor-widget-text-editor\" data-id=\"e4871fc\" data-element_type=\"widget\" data-widget_type=\"text-editor.default\">\n\t\t\t\t<div class=\"elementor-widget-container\">\n\t\t\t\t\t\t\t\t\t<p><strong>ALO1\u00a0tuomari\u00a0Marja-Leena\u00a0Hituri<\/strong><br \/>Paikalla\u00a0makaaminen<br \/>Seuraaminen<br \/>Luoksetulo<br \/><br \/><strong>ALO2\u00a0tuomari\u00a0Marjo\u00a0Halmiala<\/strong><br \/>Maahanmeno\u00a0seuraamisen\u00a0yhteydess\u00e4<br \/>Kauko-ohjaus<br \/>Estehyppy<br \/>Noutoesineen\u00a0pit\u00e4minen<\/p>\t\t\t\t\t\t\t\t<\/div>\n\t\t\t\t<\/div>\n\t\t\t\t\t<\/div>\n\t\t<\/div>\n\t\t\t\t<div class=\"elementor-column elementor-col-33 elementor-top-column elementor-element elementor-element-eaa47b4\" data-id=\"eaa47b4\" data-element_type=\"column\">\n\t\t\t<div class=\"elementor-widget-wrap elementor-element-populated\">\n\t\t\t\t\t\t<div class=\"elementor-element elementor-element-335bdeb elementor-widget elementor-widget-text-editor\" data-id=\"335bdeb\" data-element_type=\"widget\" data-widget_type=\"text-editor.default\">\n\t\t\t\t<div class=\"elementor-widget-container\">\n\t\t\t\t\t\t\t\t\t<p><strong>VOI1\u00a0tuomari\u00a0Heli\u00a0Herranen<\/strong><br \/>Paikalla\u00a0makaaminen<br \/>Luoksetulo<br \/>Seuraaminen<br \/>L\u00e4hett\u00e4minen\u00a0m\u00e4\u00e4r\u00e4tylle\u00a0paikalle,\u00a0maahanmeno\u00a0ja\u00a0luoksetulo<br \/><br \/><strong>VOI2\u00a0tuomari\u00a0P\u00e4ivi\u00a0kivel\u00e4<\/strong><br \/>Kauko-ohjaus<br \/>Kartioryhm\u00e4n\u00a0kier\u00e4minen,\u00a0pys\u00e4htyminen\u00a0ja\u00a0esteen\u00a0yli\u00a0hypp\u00e4\u00e4minen<br \/>Seisominen\u00a0ja\/tai\u00a0istuminen\u00a0ja\u00a0\u00a0tai\u00a0maahanmeno\u00a0seuraamisen\u00a0yhteydess\u00e4<br \/>Tunnistusnouto<br \/>Ohjattu\u00a0noutaminen<\/p>\t\t\t\t\t\t\t\t<\/div>\n\t\t\t\t<\/div>\n\t\t\t\t\t<\/div>\n\t\t<\/div>\n\t\t\t\t\t<\/div>\n\t\t<\/section>\n\t\t\t\t<section class=\"elementor-section elementor-top-section elementor-element elementor-element-beb01c7 elementor-section-boxed elementor-section-height-default elementor-section-height-default\" data-id=\"beb01c7\" data-element_type=\"section\">\n\t\t\t\t\t\t<div class=\"elementor-container elementor-column-gap-default\">\n\t\t\t\t\t<div class=\"elementor-column elementor-col-50 elementor-top-column elementor-element elementor-element-8323e38\" data-id=\"8323e38\" data-element_type=\"column\">\n\t\t\t<div class=\"elementor-widget-wrap elementor-element-populated\">\n\t\t\t\t\t\t<div class=\"elementor-element elementor-element-2877524 elementor-widget elementor-widget-image\" data-id=\"2877524\" data-element_type=\"widget\" data-widget_type=\"image.default\">\n\t\t\t\t<div class=\"elementor-widget-container\">\n\t\t\t\t\t\t\t\t\t\t\t\t\t\t\t<img decoding=\"async\" width=\"300\" height=\"120\" src=\"https:\/\/sievinkennelkerho.fi\/smtoko2022\/wp-content\/uploads\/2022\/05\/SPKL-silhuettilogo_painolaatu-copy-300x120.jpg\" class=\"attachment-medium size-medium wp-image-461\" alt=\"\" srcset=\"https:\/\/sievinkennelkerho.fi\/smtoko2022\/wp-content\/uploads\/2022\/05\/SPKL-silhuettilogo_painolaatu-copy-300x120.jpg 300w, https:\/\/sievinkennelkerho.fi\/smtoko2022\/wp-content\/uploads\/2022\/05\/SPKL-silhuettilogo_painolaatu-copy-1024x411.jpg 1024w, https:\/\/sievinkennelkerho.fi\/smtoko2022\/wp-content\/uploads\/2022\/05\/SPKL-silhuettilogo_painolaatu-copy-768x308.jpg 768w, https:\/\/sievinkennelkerho.fi\/smtoko2022\/wp-content\/uploads\/2022\/05\/SPKL-silhuettilogo_painolaatu-copy-1536x616.jpg 1536w, https:\/\/sievinkennelkerho.fi\/smtoko2022\/wp-content\/uploads\/2022\/05\/SPKL-silhuettilogo_painolaatu-copy-2048x821.jpg 2048w\" sizes=\"(max-width: 300px) 100vw, 300px\" \/>\t\t\t\t\t\t\t\t\t\t\t\t\t\t\t<\/div>\n\t\t\t\t<\/div>\n\t\t\t\t\t<\/div>\n\t\t<\/div>\n\t\t\t\t<div class=\"elementor-column elementor-col-50 elementor-top-column elementor-element elementor-element-19e4984\" data-id=\"19e4984\" data-element_type=\"column\">\n\t\t\t<div class=\"elementor-widget-wrap elementor-element-populated\">\n\t\t\t\t\t\t<div class=\"elementor-element elementor-element-4b79b4f elementor-widget elementor-widget-image\" data-id=\"4b79b4f\" data-element_type=\"widget\" data-widget_type=\"image.default\">\n\t\t\t\t<div class=\"elementor-widget-container\">\n\t\t\t\t\t\t\t\t\t\t\t\t\t\t\t<img decoding=\"async\" width=\"256\" height=\"126\" src=\"https:\/\/sievinkennelkerho.fi\/smtoko2022\/wp-content\/uploads\/2022\/05\/logo-alekkain.jpg\" class=\"attachment-large size-large wp-image-458\" alt=\"\" \/>\t\t\t\t\t\t\t\t\t\t\t\t\t\t\t<\/div>\n\t\t\t\t<\/div>\n\t\t\t\t\t<\/div>\n\t\t<\/div>\n\t\t\t\t\t<\/div>\n\t\t<\/section>\n\t\t\t\t<\/div>\n\t\t","protected":false},"excerpt":{"rendered":"<p>Aikataulut ja kisakirje KISAKIRJE L\u00c4HT\u00d6LISTAT \u00a0 \u00a0 \u00a0 \u00a0 \u00a0 \u00a0 \u00a0 \u00a0 \u00a0 \u00a0 \u00a0 \u00a0ALUEKARTTA Lauantai \u00a0 AVO1\u00a0tuomari\u00a0Marjo\u00a0Halmiala Paikalla\u00a0istuminenLuoksetulo AVO2\u00a0tuomari\u00a0Vesa\u00a0KallioPys\u00e4htyminen\u00a0(seiso\u00a0\/\u00a0istu\u00a0\/\u00a0maahan)\u00a0seuraamisen\u00a0yhteydess\u00e4Kauko-ohjausKartioryhm\u00e4n\u00a0kiert\u00e4minen AVO3 tuomari Kaarina Piril\u00e4L\u00e4hett\u00e4minen\u00a0m\u00e4\u00e4r\u00e4tylle\u00a0paikalle\u00a0ja\u00a0maahanmenoSeuraaminenHyppynouto EVL1\u00a0tuomari\u00a0Carina\u00a0Savander-Ranne Paikalla\u00a0istuminenPaikalla\u00a0makaaminen\u00a0ja\u00a0luoksetuloTunnistusnouto EVL2 tuomari Heli HerranenLuoksetuloLiike\u00a03\u00a0ja\u00a04Ohjattu\u00a0noutaminen EVL3 tuomari P\u00e4ivi Kivel\u00e4Kauko-ohjausKartioryhm\u00e4n kiert\u00e4minen, pys\u00e4htyminen ja ohjattu noutaminen esteen yli hyp\u00e4tenL\u00e4hett\u00e4minen m\u00e4\u00e4r\u00e4tylle paikalle, maahanmeno jaluoksetulo Sunnuntai ALO1\u00a0tuomari\u00a0Marja-Leena\u00a0HituriPaikalla\u00a0makaaminenSeuraaminenLuoksetulo ALO2\u00a0tuomari\u00a0Marjo\u00a0HalmialaMaahanmeno\u00a0seuraamisen\u00a0yhteydess\u00e4Kauko-ohjausEstehyppyNoutoesineen\u00a0pit\u00e4minen VOI1\u00a0tuomari\u00a0Heli\u00a0HerranenPaikalla\u00a0makaaminenLuoksetuloSeuraaminenL\u00e4hett\u00e4minen\u00a0m\u00e4\u00e4r\u00e4tylle\u00a0paikalle,\u00a0maahanmeno\u00a0ja\u00a0luoksetulo VOI2\u00a0tuomari\u00a0P\u00e4ivi\u00a0kivel\u00e4Kauko-ohjausKartioryhm\u00e4n\u00a0kier\u00e4minen,\u00a0pys\u00e4htyminen\u00a0ja\u00a0esteen\u00a0yli\u00a0hypp\u00e4\u00e4minenSeisominen\u00a0ja\/tai\u00a0istuminen\u00a0ja\u00a0\u00a0tai\u00a0maahanmeno\u00a0seuraamisen\u00a0yhteydess\u00e4TunnistusnoutoOhjattu\u00a0noutaminen<\/p>\n","protected":false},"author":1,"featured_media":0,"parent":0,"menu_order":0,"comment_status":"closed","ping_status":"closed","template":"","meta":{"footnotes":""},"class_list":["post-199","page","type-page","status-publish","hentry"],"_links":{"self":[{"href":"https:\/\/sievinkennelkerho.fi\/smtoko2022\/wp-json\/wp\/v2\/pages\/199","targetHints":{"allow":["GET"]}}],"collection":[{"href":"https:\/\/sievinkennelkerho.fi\/smtoko2022\/wp-json\/wp\/v2\/pages"}],"about":[{"href":"https:\/\/sievinkennelkerho.fi\/smtoko2022\/wp-json\/wp\/v2\/types\/page"}],"author":[{"embeddable":true,"href":"https:\/\/sievinkennelkerho.fi\/smtoko2022\/wp-json\/wp\/v2\/users\/1"}],"replies":[{"embeddable":true,"href":"https:\/\/sievinkennelkerho.fi\/smtoko2022\/wp-json\/wp\/v2\/comments?post=199"}],"version-history":[{"count":52,"href":"https:\/\/sievinkennelkerho.fi\/smtoko2022\/wp-json\/wp\/v2\/pages\/199\/revisions"}],"predecessor-version":[{"id":682,"href":"https:\/\/sievinkennelkerho.fi\/smtoko2022\/wp-json\/wp\/v2\/pages\/199\/revisions\/682"}],"wp:attachment":[{"href":"https:\/\/sievinkennelkerho.fi\/smtoko2022\/wp-json\/wp\/v2\/media?parent=199"}],"curies":[{"name":"wp","href":"https:\/\/api.w.org\/{rel}","templated":true}]}}