{"id":420,"date":"2022-05-19T19:14:25","date_gmt":"2022-05-19T19:14:25","guid":{"rendered":"https:\/\/sievinkennelkerho.fi\/smtoko2022\/?page_id=420"},"modified":"2022-06-30T15:07:33","modified_gmt":"2022-06-30T15:07:33","slug":"elementor-420","status":"publish","type":"page","link":"https:\/\/sievinkennelkerho.fi\/smtoko2022\/elementor-420\/","title":{"rendered":"Ilmoittautuminen"},"content":{"rendered":"\t\t<div data-elementor-type=\"wp-page\" data-elementor-id=\"420\" class=\"elementor elementor-420\">\n\t\t\t\t\t\t<section class=\"elementor-section elementor-top-section elementor-element elementor-element-2fc3273c elementor-section-height-min-height elementor-section-items-bottom elementor-section-boxed elementor-section-height-default\" data-id=\"2fc3273c\" data-element_type=\"section\" data-settings=\"{&quot;background_background&quot;:&quot;classic&quot;,&quot;shape_divider_bottom&quot;:&quot;mountains&quot;}\">\n\t\t\t\t\t<div class=\"elementor-shape elementor-shape-bottom\" data-negative=\"false\">\n\t\t\t<svg xmlns=\"http:\/\/www.w3.org\/2000\/svg\" viewBox=\"0 0 1000 100\" preserveAspectRatio=\"none\">\n\t<path class=\"elementor-shape-fill\" opacity=\"0.33\" d=\"M473,67.3c-203.9,88.3-263.1-34-320.3,0C66,119.1,0,59.7,0,59.7V0h1000v59.7 c0,0-62.1,26.1-94.9,29.3c-32.8,3.3-62.8-12.3-75.8-22.1C806,49.6,745.3,8.7,694.9,4.7S492.4,59,473,67.3z\"\/>\n\t<path class=\"elementor-shape-fill\" opacity=\"0.66\" d=\"M734,67.3c-45.5,0-77.2-23.2-129.1-39.1c-28.6-8.7-150.3-10.1-254,39.1 s-91.7-34.4-149.2,0C115.7,118.3,0,39.8,0,39.8V0h1000v36.5c0,0-28.2-18.5-92.1-18.5C810.2,18.1,775.7,67.3,734,67.3z\"\/>\n\t<path class=\"elementor-shape-fill\" d=\"M766.1,28.9c-200-57.5-266,65.5-395.1,19.5C242,1.8,242,5.4,184.8,20.6C128,35.8,132.3,44.9,89.9,52.5C28.6,63.7,0,0,0,0 h1000c0,0-9.9,40.9-83.6,48.1S829.6,47,766.1,28.9z\"\/>\n<\/svg>\t\t<\/div>\n\t\t\t\t\t<div class=\"elementor-container elementor-column-gap-default\">\n\t\t\t\t\t<div class=\"elementor-column elementor-col-100 elementor-top-column elementor-element elementor-element-761330c0\" data-id=\"761330c0\" data-element_type=\"column\">\n\t\t\t<div class=\"elementor-widget-wrap elementor-element-populated\">\n\t\t\t\t\t\t<div class=\"elementor-element elementor-element-60a341b1 elementor-widget elementor-widget-heading\" data-id=\"60a341b1\" data-element_type=\"widget\" data-widget_type=\"heading.default\">\n\t\t\t\t<div class=\"elementor-widget-container\">\n\t\t\t\t\t<h4 class=\"elementor-heading-title elementor-size-medium\">Ilmoittautuminen<br><br><\/h4>\t\t\t\t<\/div>\n\t\t\t\t<\/div>\n\t\t\t\t\t<\/div>\n\t\t<\/div>\n\t\t\t\t\t<\/div>\n\t\t<\/section>\n\t\t\t\t<section class=\"elementor-section elementor-top-section elementor-element elementor-element-7c850c85 elementor-section-boxed elementor-section-height-default elementor-section-height-default\" data-id=\"7c850c85\" data-element_type=\"section\">\n\t\t\t\t\t\t<div class=\"elementor-container elementor-column-gap-default\">\n\t\t\t\t\t<div class=\"elementor-column elementor-col-100 elementor-top-column elementor-element elementor-element-ec9abe8\" data-id=\"ec9abe8\" data-element_type=\"column\">\n\t\t\t<div class=\"elementor-widget-wrap elementor-element-populated\">\n\t\t\t\t\t\t<div class=\"elementor-element elementor-element-650e1ed8 elementor-widget-divider--view-line elementor-widget elementor-widget-divider\" data-id=\"650e1ed8\" data-element_type=\"widget\" data-widget_type=\"divider.default\">\n\t\t\t\t<div class=\"elementor-widget-container\">\n\t\t\t\t\t\t\t<div class=\"elementor-divider\">\n\t\t\t<span class=\"elementor-divider-separator\">\n\t\t\t\t\t\t<\/span>\n\t\t<\/div>\n\t\t\t\t\t\t<\/div>\n\t\t\t\t<\/div>\n\t\t\t\t\t<\/div>\n\t\t<\/div>\n\t\t\t\t\t<\/div>\n\t\t<\/section>\n\t\t\t\t<section class=\"elementor-section elementor-top-section elementor-element elementor-element-4d27eea4 elementor-section-boxed elementor-section-height-default elementor-section-height-default\" data-id=\"4d27eea4\" data-element_type=\"section\">\n\t\t\t\t\t\t<div class=\"elementor-container elementor-column-gap-default\">\n\t\t\t\t\t<div class=\"elementor-column elementor-col-100 elementor-top-column elementor-element elementor-element-230a4523\" data-id=\"230a4523\" data-element_type=\"column\">\n\t\t\t<div class=\"elementor-widget-wrap elementor-element-populated\">\n\t\t\t\t\t\t<div class=\"elementor-element elementor-element-7a6013f6 elementor-widget elementor-widget-text-editor\" data-id=\"7a6013f6\" data-element_type=\"widget\" data-widget_type=\"text-editor.default\">\n\t\t\t\t<div class=\"elementor-widget-container\">\n\t\t\t\t\t\t\t\t\t<p style=\"text-align: center;\">Ilmoittautuminen Virkussa 30.5.2022 klo 09:00 &#8211; 10.7.2022 klo 22:00<br \/><strong style=\"color: var( --e-global-color-text ); font-family: var( --e-global-typography-text-font-family ), Sans-serif; font-size: 1rem;\">Huom !\u00a0\u00a0<\/strong><span style=\"color: var( --e-global-color-text ); font-family: var( --e-global-typography-text-font-family ), Sans-serif; font-weight: var( --e-global-typography-text-font-weight ); font-size: 1rem;\">Yksil\u00f6- ja joukkuekoirat tulee olla ilmoitettuna Virkkuun ilmottautumisajan puitteissa.\u00a0<\/span><span style=\"color: var( --e-global-color-text ); font-family: var( --e-global-typography-text-font-family ), Sans-serif; font-weight: var( --e-global-typography-text-font-weight ); font-size: 1rem;\">Joukkueet ilmo<\/span><span style=\"color: var( --e-global-color-text ); font-family: var( --e-global-typography-text-font-family ), Sans-serif; font-weight: var( --e-global-typography-text-font-weight ); font-size: 1rem;\">itetaan erillisell\u00e4 google-kaavakkeella\u00a0<\/span><\/p>\t\t\t\t\t\t\t\t<\/div>\n\t\t\t\t<\/div>\n\t\t\t\t\t<\/div>\n\t\t<\/div>\n\t\t\t\t\t<\/div>\n\t\t<\/section>\n\t\t\t\t<section class=\"elementor-section elementor-top-section elementor-element elementor-element-f37350d elementor-section-boxed elementor-section-height-default elementor-section-height-default\" data-id=\"f37350d\" data-element_type=\"section\">\n\t\t\t\t\t\t<div class=\"elementor-container elementor-column-gap-default\">\n\t\t\t\t\t<div class=\"elementor-column elementor-col-100 elementor-top-column elementor-element elementor-element-5c54d85\" data-id=\"5c54d85\" data-element_type=\"column\">\n\t\t\t<div class=\"elementor-widget-wrap elementor-element-populated\">\n\t\t\t\t\t\t<div class=\"elementor-element elementor-element-578faff elementor-widget elementor-widget-text-editor\" data-id=\"578faff\" data-element_type=\"widget\" data-widget_type=\"text-editor.default\">\n\t\t\t\t<div class=\"elementor-widget-container\">\n\t\t\t\t\t\t\t\t\t<h3><strong><u>Ilmoittautumisohje<\/u><\/strong> (LUE HUOLELLA ENNEN ILMOITTAUTUMISTA!)<\/h3>\t\t\t\t\t\t\t\t<\/div>\n\t\t\t\t<\/div>\n\t\t\t\t<div class=\"elementor-element elementor-element-7e36666 elementor-widget elementor-widget-text-editor\" data-id=\"7e36666\" data-element_type=\"widget\" data-widget_type=\"text-editor.default\">\n\t\t\t\t<div class=\"elementor-widget-container\">\n\t\t\t\t\t\t\t\t\t<p>Ennen kuin ilmoittaudut, huolehdithan, ett\u00e4 koirakko\/joukkueen koirakot t\u00e4ytt\u00e4v\u00e4t osallistumiskriteerit. Osallistumiskriteerit voit tarkistaa t\u00e4st\u00e4 linkist\u00e4:<\/p><p><a href=\"http:\/\/www.sievinkennelkerho.fi\/smtoko2022\/osallistumisoikeus.pdf\">http:\/\/www.sievinkennelkerho.fi\/smtoko2022\/osallistumisoikeus.pdf<\/a><br \/><span style=\"color: var( --e-global-color-text ); font-family: var( --e-global-typography-text-font-family ), Sans-serif; font-weight: var( --e-global-typography-text-font-weight ); font-size: 1rem;\"><br \/>Sievin kennelkerho ry ei palauta osallistumismaksuja, mik\u00e4li mukaan on ilmoitettu koiria, jotka eiv\u00e4t t\u00e4yt\u00e4 osallistumiskriteerej\u00e4.<\/span><\/p>\t\t\t\t\t\t\t\t<\/div>\n\t\t\t\t<\/div>\n\t\t\t\t<div class=\"elementor-element elementor-element-9618464 elementor-widget elementor-widget-text-editor\" data-id=\"9618464\" data-element_type=\"widget\" data-widget_type=\"text-editor.default\">\n\t\t\t\t<div class=\"elementor-widget-container\">\n\t\t\t\t\t\t\t\t\t<p><strong><u>Yksil\u00f6kilpailuun ilmoittautuminen:<\/u><\/strong><\/p><p>(Koskee vain EVL-luokan koirakoita, jotka eiv\u00e4t ole mukana miss\u00e4\u00e4n joukkueessa)<\/p><ol><li>Maksa ilmoittautumismaksu 45e Sievin kennelkerho ry:n tilille: FI5347541020063036 viesti: yksil\u00f6 SM<\/li><li>L\u00e4het\u00e4 kuitti maksusta s\u00e4hk\u00f6postiin <a href=\"mailto:smtoko@sievinkennelkerho.fi\">smtoko@sievinkennelkerho.fi<\/a> otsikolla: SM TOKO kuitti<\/li><li>Saat vastauksena salasanan virkkuun<\/li><li>Ilmoita koira virkun kautta (HUOM! Ilmoittajan pit\u00e4\u00e4 olla koiran ohjaaja, jotta virkku-tiedot ovat oikein kaikilta osin)<\/li><\/ol>\t\t\t\t\t\t\t\t<\/div>\n\t\t\t\t<\/div>\n\t\t\t\t<div class=\"elementor-element elementor-element-4e238e6 elementor-widget elementor-widget-text-editor\" data-id=\"4e238e6\" data-element_type=\"widget\" data-widget_type=\"text-editor.default\">\n\t\t\t\t<div class=\"elementor-widget-container\">\n\t\t\t\t\t\t\t\t\t<p><strong><u>Joukkuekilpailuun ilmoittautuminen: <\/u><\/strong><\/p>\n<p><span style=\"color: var( --e-global-color-text ); font-family: var( --e-global-typography-text-font-family ), Sans-serif; font-weight: var( --e-global-typography-text-font-weight ); font-size: 1rem;\">Joukkuekilpailuun voidaan ilmoittaa joukkue, jossa on v\u00e4hint\u00e4\u00e4n:<\/span><\/p>\n<p>1x ALO, 1x AVO ja 1x VOI\/EVL koirakko ja enint\u00e4\u00e4n<\/p>\n<p>2x ALO, 2x AVO ja 2x VOI\/EVL koirakko.<\/p>\n<p>Lis\u00e4ksi joukkueeseen saa ilmoittaa enint\u00e4\u00e4n 3 varakoirakkoa (1x ALO, 1x AVO, 1x VOI\/EVL)<br><span style=\"color: var( --e-global-color-text ); font-family: var( --e-global-typography-text-font-family ), Sans-serif; font-weight: var( --e-global-typography-text-font-weight ); font-size: 1rem;\">(Joukkuekilpailun ilmoittautumisen huolehtii joukkueenjohtaja kaikilta muilta osin paitsi kohdassa 5.)<\/span><\/p>\n<ol>\n<li>Maksa ilmoittautumismaksu 45e\/koira x kuinka monta koiraa joukkueessa on (varakoiria ei lasketa mukaan) (Esim. 5 koiran joukkue: 5x 45e = 225e) Sievin kennelkerho ry:n tilille FI5347541020063036&nbsp; &nbsp; viesti: joukkue SM + joukkueen nimi<\/li>\n<li>L\u00e4het\u00e4 kuitti maksusta s\u00e4hk\u00f6postiin <a href=\"mailto:tokosm2022joukkueet@gmail.com\">tokosm2022joukkueet@gmail.com<\/a> otsikolla: joukkue SM kuitti : joukkueen nimi<\/li>\n<li>Saat vastauksena salasanan virkkuun<\/li>\n<li>T\u00e4yt\u00e4 joukkueen osallistumislomake osoitteessa: <a href=\"https:\/\/forms.gle\/q3GPBpbUD8G97q2D8\">https:\/\/forms.gle\/q3GPBpbUD8G97q2D8<\/a><\/li>\n<li>Jokaisen koiran ohjaaja ilmoittaa oman koiransa virkkuun, jotta virkku-tiedot ovat alusta asti oikein. Huolehdi, ett\u00e4 jokaisella joukkueen koirakolla on sama arkistointitunnus maksusta<\/li>\n<li>Mik\u00e4li joukkueessa on koirakoita, joiden osallistumisoikeuden oikeuttavista tuloksista joku ei ilmoittautumishetkell\u00e4 n\u00e4y jalostustietokannassa, l\u00e4het\u00e4 kuva koiran kisakirjasta s\u00e4hk\u00f6postiin <a href=\"mailto:tokosm2022joukkueet@gmail.com\">tokosm2022joukkueet@gmail.com<\/a> otsikolla: joukkueen nimi + koiran nimi + kisakirja\n<\/li>\n<\/ol>\t\t\t\t\t\t\t\t<\/div>\n\t\t\t\t<\/div>\n\t\t\t\t\t<\/div>\n\t\t<\/div>\n\t\t\t\t\t<\/div>\n\t\t<\/section>\n\t\t\t\t<section class=\"elementor-section elementor-top-section elementor-element elementor-element-0c0237f elementor-section-boxed elementor-section-height-default elementor-section-height-default\" data-id=\"0c0237f\" data-element_type=\"section\">\n\t\t\t\t\t\t<div class=\"elementor-container elementor-column-gap-default\">\n\t\t\t\t\t<div class=\"elementor-column elementor-col-50 elementor-top-column elementor-element elementor-element-d468660\" data-id=\"d468660\" data-element_type=\"column\">\n\t\t\t<div class=\"elementor-widget-wrap elementor-element-populated\">\n\t\t\t\t\t\t<div class=\"elementor-element elementor-element-e83261d elementor-widget elementor-widget-text-editor\" data-id=\"e83261d\" data-element_type=\"widget\" data-widget_type=\"text-editor.default\">\n\t\t\t\t<div class=\"elementor-widget-container\">\n\t\t\t\t\t\t\t\t\t<p style=\"text-align: center;\">Yksil\u00f6ilmoittautumisten tiedustelut:<br \/>Nina\u00a0Saajossalo<br \/>0405481542\u00a0<br \/><a href=\"mailto:smtoko@sievinkennelkerho.fi\">smtoko@sievinkennelkerho.fi<\/a><\/p>\t\t\t\t\t\t\t\t<\/div>\n\t\t\t\t<\/div>\n\t\t\t\t\t<\/div>\n\t\t<\/div>\n\t\t\t\t<div class=\"elementor-column elementor-col-50 elementor-top-column elementor-element elementor-element-b5a55ed\" data-id=\"b5a55ed\" data-element_type=\"column\">\n\t\t\t<div class=\"elementor-widget-wrap elementor-element-populated\">\n\t\t\t\t\t\t<div class=\"elementor-element elementor-element-891a642 elementor-widget elementor-widget-text-editor\" data-id=\"891a642\" data-element_type=\"widget\" data-widget_type=\"text-editor.default\">\n\t\t\t\t<div class=\"elementor-widget-container\">\n\t\t\t\t\t\t\t\t\t<p style=\"text-align: center;\">Joukkueilmoittautumisten tiedustelut:\u00a0<br \/>tokosm2022joukkueet@gmail.com<\/p>\t\t\t\t\t\t\t\t<\/div>\n\t\t\t\t<\/div>\n\t\t\t\t\t<\/div>\n\t\t<\/div>\n\t\t\t\t\t<\/div>\n\t\t<\/section>\n\t\t\t\t<section class=\"elementor-section elementor-top-section elementor-element elementor-element-f62939c elementor-section-boxed elementor-section-height-default elementor-section-height-default\" data-id=\"f62939c\" data-element_type=\"section\">\n\t\t\t\t\t\t<div class=\"elementor-container elementor-column-gap-default\">\n\t\t\t\t\t<div class=\"elementor-column elementor-col-50 elementor-top-column elementor-element elementor-element-4061dee\" data-id=\"4061dee\" data-element_type=\"column\">\n\t\t\t<div class=\"elementor-widget-wrap elementor-element-populated\">\n\t\t\t\t\t\t<div class=\"elementor-element elementor-element-4c73083 elementor-widget elementor-widget-image\" data-id=\"4c73083\" data-element_type=\"widget\" data-widget_type=\"image.default\">\n\t\t\t\t<div class=\"elementor-widget-container\">\n\t\t\t\t\t\t\t\t\t\t\t\t\t\t\t<img decoding=\"async\" width=\"300\" height=\"120\" src=\"https:\/\/sievinkennelkerho.fi\/smtoko2022\/wp-content\/uploads\/2022\/05\/SPKL-silhuettilogo_painolaatu-copy-300x120.jpg\" class=\"attachment-medium size-medium wp-image-461\" alt=\"\" srcset=\"https:\/\/sievinkennelkerho.fi\/smtoko2022\/wp-content\/uploads\/2022\/05\/SPKL-silhuettilogo_painolaatu-copy-300x120.jpg 300w, https:\/\/sievinkennelkerho.fi\/smtoko2022\/wp-content\/uploads\/2022\/05\/SPKL-silhuettilogo_painolaatu-copy-1024x411.jpg 1024w, https:\/\/sievinkennelkerho.fi\/smtoko2022\/wp-content\/uploads\/2022\/05\/SPKL-silhuettilogo_painolaatu-copy-768x308.jpg 768w, https:\/\/sievinkennelkerho.fi\/smtoko2022\/wp-content\/uploads\/2022\/05\/SPKL-silhuettilogo_painolaatu-copy-1536x616.jpg 1536w, https:\/\/sievinkennelkerho.fi\/smtoko2022\/wp-content\/uploads\/2022\/05\/SPKL-silhuettilogo_painolaatu-copy-2048x821.jpg 2048w\" sizes=\"(max-width: 300px) 100vw, 300px\" \/>\t\t\t\t\t\t\t\t\t\t\t\t\t\t\t<\/div>\n\t\t\t\t<\/div>\n\t\t\t\t\t<\/div>\n\t\t<\/div>\n\t\t\t\t<div class=\"elementor-column elementor-col-50 elementor-top-column elementor-element elementor-element-cf182af\" data-id=\"cf182af\" data-element_type=\"column\">\n\t\t\t<div class=\"elementor-widget-wrap elementor-element-populated\">\n\t\t\t\t\t\t<div class=\"elementor-element elementor-element-beb0303 elementor-widget elementor-widget-image\" data-id=\"beb0303\" data-element_type=\"widget\" data-widget_type=\"image.default\">\n\t\t\t\t<div class=\"elementor-widget-container\">\n\t\t\t\t\t\t\t\t\t\t\t\t\t\t\t<img decoding=\"async\" width=\"256\" height=\"126\" src=\"https:\/\/sievinkennelkerho.fi\/smtoko2022\/wp-content\/uploads\/2022\/05\/logo-alekkain.jpg\" class=\"attachment-medium size-medium wp-image-458\" alt=\"\" \/>\t\t\t\t\t\t\t\t\t\t\t\t\t\t\t<\/div>\n\t\t\t\t<\/div>\n\t\t\t\t\t<\/div>\n\t\t<\/div>\n\t\t\t\t\t<\/div>\n\t\t<\/section>\n\t\t\t\t<\/div>\n\t\t","protected":false},"excerpt":{"rendered":"<p>Ilmoittautuminen Ilmoittautuminen Virkussa 30.5.2022 klo 09:00 &#8211; 10.7.2022 klo 22:00Huom !\u00a0\u00a0Yksil\u00f6- ja joukkuekoirat tulee olla ilmoitettuna Virkkuun ilmottautumisajan puitteissa.\u00a0Joukkueet ilmoitetaan erillisell\u00e4 google-kaavakkeella\u00a0 Ilmoittautumisohje (LUE HUOLELLA ENNEN ILMOITTAUTUMISTA!) Ennen kuin ilmoittaudut, huolehdithan, ett\u00e4 koirakko\/joukkueen koirakot t\u00e4ytt\u00e4v\u00e4t osallistumiskriteerit. Osallistumiskriteerit voit tarkistaa t\u00e4st\u00e4 linkist\u00e4: http:\/\/www.sievinkennelkerho.fi\/smtoko2022\/osallistumisoikeus.pdf Sievin kennelkerho ry ei palauta osallistumismaksuja, mik\u00e4li mukaan on ilmoitettu koiria, jotka eiv\u00e4t [&hellip;]<\/p>\n","protected":false},"author":1,"featured_media":0,"parent":0,"menu_order":0,"comment_status":"closed","ping_status":"closed","template":"","meta":{"footnotes":""},"class_list":["post-420","page","type-page","status-publish","hentry"],"_links":{"self":[{"href":"https:\/\/sievinkennelkerho.fi\/smtoko2022\/wp-json\/wp\/v2\/pages\/420","targetHints":{"allow":["GET"]}}],"collection":[{"href":"https:\/\/sievinkennelkerho.fi\/smtoko2022\/wp-json\/wp\/v2\/pages"}],"about":[{"href":"https:\/\/sievinkennelkerho.fi\/smtoko2022\/wp-json\/wp\/v2\/types\/page"}],"author":[{"embeddable":true,"href":"https:\/\/sievinkennelkerho.fi\/smtoko2022\/wp-json\/wp\/v2\/users\/1"}],"replies":[{"embeddable":true,"href":"https:\/\/sievinkennelkerho.fi\/smtoko2022\/wp-json\/wp\/v2\/comments?post=420"}],"version-history":[{"count":35,"href":"https:\/\/sievinkennelkerho.fi\/smtoko2022\/wp-json\/wp\/v2\/pages\/420\/revisions"}],"predecessor-version":[{"id":634,"href":"https:\/\/sievinkennelkerho.fi\/smtoko2022\/wp-json\/wp\/v2\/pages\/420\/revisions\/634"}],"wp:attachment":[{"href":"https:\/\/sievinkennelkerho.fi\/smtoko2022\/wp-json\/wp\/v2\/media?parent=420"}],"curies":[{"name":"wp","href":"https:\/\/api.w.org\/{rel}","templated":true}]}}