{"id":9,"date":"2021-11-15T18:45:28","date_gmt":"2021-11-15T18:45:28","guid":{"rendered":"https:\/\/sievinkennelkerho.fi\/smtoko2022\/?page_id=9"},"modified":"2022-07-29T04:26:41","modified_gmt":"2022-07-29T04:26:41","slug":"etusivu","status":"publish","type":"page","link":"https:\/\/sievinkennelkerho.fi\/smtoko2022\/","title":{"rendered":"Etusivu"},"content":{"rendered":"\t\t<div data-elementor-type=\"wp-page\" data-elementor-id=\"9\" class=\"elementor elementor-9\">\n\t\t\t\t\t\t<section class=\"elementor-section elementor-top-section elementor-element elementor-element-41d2b55d elementor-section-height-min-height elementor-section-items-bottom elementor-section-boxed elementor-section-height-default\" data-id=\"41d2b55d\" data-element_type=\"section\" data-settings=\"{&quot;background_background&quot;:&quot;classic&quot;,&quot;shape_divider_bottom&quot;:&quot;mountains&quot;}\">\n\t\t\t\t\t\t\t<div class=\"elementor-background-overlay\"><\/div>\n\t\t\t\t\t\t<div class=\"elementor-shape elementor-shape-bottom\" data-negative=\"false\">\n\t\t\t<svg xmlns=\"http:\/\/www.w3.org\/2000\/svg\" viewBox=\"0 0 1000 100\" preserveAspectRatio=\"none\">\n\t<path class=\"elementor-shape-fill\" opacity=\"0.33\" d=\"M473,67.3c-203.9,88.3-263.1-34-320.3,0C66,119.1,0,59.7,0,59.7V0h1000v59.7 c0,0-62.1,26.1-94.9,29.3c-32.8,3.3-62.8-12.3-75.8-22.1C806,49.6,745.3,8.7,694.9,4.7S492.4,59,473,67.3z\"\/>\n\t<path class=\"elementor-shape-fill\" opacity=\"0.66\" d=\"M734,67.3c-45.5,0-77.2-23.2-129.1-39.1c-28.6-8.7-150.3-10.1-254,39.1 s-91.7-34.4-149.2,0C115.7,118.3,0,39.8,0,39.8V0h1000v36.5c0,0-28.2-18.5-92.1-18.5C810.2,18.1,775.7,67.3,734,67.3z\"\/>\n\t<path class=\"elementor-shape-fill\" d=\"M766.1,28.9c-200-57.5-266,65.5-395.1,19.5C242,1.8,242,5.4,184.8,20.6C128,35.8,132.3,44.9,89.9,52.5C28.6,63.7,0,0,0,0 h1000c0,0-9.9,40.9-83.6,48.1S829.6,47,766.1,28.9z\"\/>\n<\/svg>\t\t<\/div>\n\t\t\t\t\t<div class=\"elementor-container elementor-column-gap-default\">\n\t\t\t\t\t<div class=\"elementor-column elementor-col-100 elementor-top-column elementor-element elementor-element-41a5e39c\" data-id=\"41a5e39c\" data-element_type=\"column\">\n\t\t\t<div class=\"elementor-widget-wrap elementor-element-populated\">\n\t\t\t\t\t\t<div class=\"elementor-element elementor-element-7caf7568 elementor-widget elementor-widget-heading\" data-id=\"7caf7568\" data-element_type=\"widget\" data-widget_type=\"heading.default\">\n\t\t\t\t<div class=\"elementor-widget-container\">\n\t\t\t\t\t<h4 class=\"elementor-heading-title elementor-size-medium\">Suomenmestaruus TOKO 2022<\/h4>\t\t\t\t<\/div>\n\t\t\t\t<\/div>\n\t\t\t\t<div class=\"elementor-element elementor-element-1ca948d6 elementor-widget elementor-widget-heading\" data-id=\"1ca948d6\" data-element_type=\"widget\" data-widget_type=\"heading.default\">\n\t\t\t\t<div class=\"elementor-widget-container\">\n\t\t\t\t\t<p class=\"elementor-heading-title elementor-size-small\"><br>Vuoden 2022 TOKOn Suomenmestaruuskilpailut<br> j\u00e4rjestet\u00e4\u00e4n Nivalassa Tuiskulan kent\u00e4ll\u00e4 6.-7.8.2022<br><br>J\u00e4rjest\u00e4j\u00e4n\u00e4 Sievin kennelkerho <br><br><\/p>\t\t\t\t<\/div>\n\t\t\t\t<\/div>\n\t\t\t\t\t<\/div>\n\t\t<\/div>\n\t\t\t\t\t<\/div>\n\t\t<\/section>\n\t\t\t\t<section class=\"elementor-section elementor-top-section elementor-element elementor-element-70620f5f elementor-section-height-min-height elementor-section-content-middle elementor-reverse-mobile elementor-section-boxed elementor-section-height-default elementor-section-items-middle\" data-id=\"70620f5f\" data-element_type=\"section\" data-settings=\"{&quot;background_background&quot;:&quot;none&quot;}\">\n\t\t\t\t\t\t<div class=\"elementor-container elementor-column-gap-default\">\n\t\t\t\t\t<div class=\"elementor-column elementor-col-100 elementor-top-column elementor-element elementor-element-13192118\" data-id=\"13192118\" data-element_type=\"column\">\n\t\t\t<div class=\"elementor-widget-wrap elementor-element-populated\">\n\t\t\t\t\t\t<div class=\"elementor-element elementor-element-6d796f63 elementor-widget-divider--view-line elementor-widget elementor-widget-divider\" data-id=\"6d796f63\" data-element_type=\"widget\" data-widget_type=\"divider.default\">\n\t\t\t\t<div class=\"elementor-widget-container\">\n\t\t\t\t\t\t\t<div class=\"elementor-divider\">\n\t\t\t<span class=\"elementor-divider-separator\">\n\t\t\t\t\t\t<\/span>\n\t\t<\/div>\n\t\t\t\t\t\t<\/div>\n\t\t\t\t<\/div>\n\t\t\t\t\t<\/div>\n\t\t<\/div>\n\t\t\t\t\t<\/div>\n\t\t<\/section>\n\t\t\t\t<section class=\"elementor-section elementor-top-section elementor-element elementor-element-a896ab1 elementor-section-boxed elementor-section-height-default elementor-section-height-default\" data-id=\"a896ab1\" data-element_type=\"section\">\n\t\t\t\t\t\t<div class=\"elementor-container elementor-column-gap-default\">\n\t\t\t\t\t<div class=\"elementor-column elementor-col-50 elementor-top-column elementor-element elementor-element-ae5c59a\" data-id=\"ae5c59a\" data-element_type=\"column\">\n\t\t\t<div class=\"elementor-widget-wrap elementor-element-populated\">\n\t\t\t\t\t\t<div class=\"elementor-element elementor-element-e575eba elementor-widget elementor-widget-text-editor\" data-id=\"e575eba\" data-element_type=\"widget\" data-widget_type=\"text-editor.default\">\n\t\t\t\t<div class=\"elementor-widget-container\">\n\t\t\t\t\t\t\t\t\t<p>Lauantaina\u00a06.8.\u00a0AVO\u00a0ja\u00a0EVL<br \/>Sunnuntaina\u00a07.8.\u00a0ALO,\u00a0VOI\u00a0\u00a0sek\u00e4\u00a0EVL-FINAALI<\/p>\t\t\t\t\t\t\t\t<\/div>\n\t\t\t\t<\/div>\n\t\t\t\t\t<\/div>\n\t\t<\/div>\n\t\t\t\t<div class=\"elementor-column elementor-col-50 elementor-top-column elementor-element elementor-element-c319618\" data-id=\"c319618\" data-element_type=\"column\">\n\t\t\t<div class=\"elementor-widget-wrap elementor-element-populated\">\n\t\t\t\t\t\t<div class=\"elementor-element elementor-element-89cbf4b elementor-widget elementor-widget-text-editor\" data-id=\"89cbf4b\" data-element_type=\"widget\" data-widget_type=\"text-editor.default\">\n\t\t\t\t<div class=\"elementor-widget-container\">\n\t\t\t\t\t\t\t\t\t<p style=\"text-align: center;\"><span style=\"color: #000000;\">Vastaava koetoimitsija : Nina Saajossalo&nbsp;<\/span><\/p>\n<p style=\"text-align: center;\"><span style=\"color: #000000;\">Tiedustelut: <a href=\"mailto:info.smtoko@sievinkennelkerho.fi\"> info.smtoko@sievinkennelkerho.fi<\/a> <\/span><\/p><p style=\"text-align: center;\"><br><\/p>\t\t\t\t\t\t\t\t<\/div>\n\t\t\t\t<\/div>\n\t\t\t\t\t<\/div>\n\t\t<\/div>\n\t\t\t\t\t<\/div>\n\t\t<\/section>\n\t\t\t\t<section class=\"elementor-section elementor-top-section elementor-element elementor-element-8f4e79e elementor-section-boxed elementor-section-height-default elementor-section-height-default\" data-id=\"8f4e79e\" data-element_type=\"section\">\n\t\t\t\t\t\t<div class=\"elementor-container elementor-column-gap-default\">\n\t\t\t\t\t<div class=\"elementor-column elementor-col-33 elementor-top-column elementor-element elementor-element-b708a33\" data-id=\"b708a33\" data-element_type=\"column\">\n\t\t\t<div class=\"elementor-widget-wrap\">\n\t\t\t\t\t\t\t<\/div>\n\t\t<\/div>\n\t\t\t\t<div class=\"elementor-column elementor-col-33 elementor-top-column elementor-element elementor-element-f4c3119\" data-id=\"f4c3119\" data-element_type=\"column\">\n\t\t\t<div class=\"elementor-widget-wrap elementor-element-populated\">\n\t\t\t\t\t\t<div class=\"elementor-element elementor-element-b309069 elementor-align-center elementor-widget elementor-widget-button\" data-id=\"b309069\" data-element_type=\"widget\" data-widget_type=\"button.default\">\n\t\t\t\t<div class=\"elementor-widget-container\">\n\t\t\t\t\t\t\t\t\t<div class=\"elementor-button-wrapper\">\n\t\t\t\t\t<a class=\"elementor-button elementor-button-link elementor-size-sm\" href=\"https:\/\/www.facebook.com\/events\/1442212932884328\">\n\t\t\t\t\t\t<span class=\"elementor-button-content-wrapper\">\n\t\t\t\t\t\t\t\t\t<span class=\"elementor-button-text\">Facebook tapahtuma<\/span>\n\t\t\t\t\t<\/span>\n\t\t\t\t\t<\/a>\n\t\t\t\t<\/div>\n\t\t\t\t\t\t\t\t<\/div>\n\t\t\t\t<\/div>\n\t\t\t\t\t<\/div>\n\t\t<\/div>\n\t\t\t\t<div class=\"elementor-column elementor-col-33 elementor-top-column elementor-element elementor-element-45780a0\" data-id=\"45780a0\" data-element_type=\"column\">\n\t\t\t<div class=\"elementor-widget-wrap\">\n\t\t\t\t\t\t\t<\/div>\n\t\t<\/div>\n\t\t\t\t\t<\/div>\n\t\t<\/section>\n\t\t\t\t<section class=\"elementor-section elementor-top-section elementor-element elementor-element-6814708 elementor-section-boxed elementor-section-height-default elementor-section-height-default\" data-id=\"6814708\" data-element_type=\"section\">\n\t\t\t\t\t\t<div class=\"elementor-container elementor-column-gap-default\">\n\t\t\t\t\t<div class=\"elementor-column elementor-col-16 elementor-top-column elementor-element elementor-element-7773235\" data-id=\"7773235\" data-element_type=\"column\">\n\t\t\t<div class=\"elementor-widget-wrap elementor-element-populated\">\n\t\t\t\t\t\t<div class=\"elementor-element elementor-element-0f92fde elementor-widget elementor-widget-image\" data-id=\"0f92fde\" data-element_type=\"widget\" data-widget_type=\"image.default\">\n\t\t\t\t<div class=\"elementor-widget-container\">\n\t\t\t\t\t\t\t\t\t\t\t\t\t\t\t\t<a href=\"https:\/\/www.riemukauppa.fi\/\">\n\t\t\t\t\t\t\t<img fetchpriority=\"high\" decoding=\"async\" width=\"300\" height=\"200\" src=\"https:\/\/sievinkennelkerho.fi\/smtoko2022\/wp-content\/uploads\/2022\/06\/Riemu-banneri2-300x200.jpg\" class=\"attachment-medium size-medium wp-image-527\" alt=\"\" srcset=\"https:\/\/sievinkennelkerho.fi\/smtoko2022\/wp-content\/uploads\/2022\/06\/Riemu-banneri2-300x200.jpg 300w, https:\/\/sievinkennelkerho.fi\/smtoko2022\/wp-content\/uploads\/2022\/06\/Riemu-banneri2-1024x683.jpg 1024w, https:\/\/sievinkennelkerho.fi\/smtoko2022\/wp-content\/uploads\/2022\/06\/Riemu-banneri2-768x512.jpg 768w, https:\/\/sievinkennelkerho.fi\/smtoko2022\/wp-content\/uploads\/2022\/06\/Riemu-banneri2-1536x1024.jpg 1536w, https:\/\/sievinkennelkerho.fi\/smtoko2022\/wp-content\/uploads\/2022\/06\/Riemu-banneri2.jpg 2048w\" sizes=\"(max-width: 300px) 100vw, 300px\" \/>\t\t\t\t\t\t\t\t<\/a>\n\t\t\t\t\t\t\t\t\t\t\t\t\t\t\t<\/div>\n\t\t\t\t<\/div>\n\t\t\t\t\t<\/div>\n\t\t<\/div>\n\t\t\t\t<div class=\"elementor-column elementor-col-16 elementor-top-column elementor-element elementor-element-2cbb0c6\" data-id=\"2cbb0c6\" data-element_type=\"column\">\n\t\t\t<div class=\"elementor-widget-wrap elementor-element-populated\">\n\t\t\t\t\t\t<div class=\"elementor-element elementor-element-f470cd5 elementor-widget elementor-widget-text-editor\" data-id=\"f470cd5\" data-element_type=\"widget\" data-widget_type=\"text-editor.default\">\n\t\t\t\t<div class=\"elementor-widget-container\">\n\t\t\t\t\t\t\t\t\t<p style=\"text-align: center;\"><br \/><br \/>http:\/\/www.konejaket.fi<\/p>\t\t\t\t\t\t\t\t<\/div>\n\t\t\t\t<\/div>\n\t\t\t\t\t<\/div>\n\t\t<\/div>\n\t\t\t\t<div class=\"elementor-column elementor-col-16 elementor-top-column elementor-element elementor-element-33a980d\" data-id=\"33a980d\" data-element_type=\"column\">\n\t\t\t<div class=\"elementor-widget-wrap elementor-element-populated\">\n\t\t\t\t\t\t<div class=\"elementor-element elementor-element-ee6649e elementor-widget elementor-widget-image\" data-id=\"ee6649e\" data-element_type=\"widget\" data-widget_type=\"image.default\">\n\t\t\t\t<div class=\"elementor-widget-container\">\n\t\t\t\t\t\t\t\t\t\t\t\t\t\t\t\t<a href=\"http:\/\/sporttirakki.fi\/\">\n\t\t\t\t\t\t\t<img decoding=\"async\" width=\"224\" height=\"300\" src=\"https:\/\/sievinkennelkerho.fi\/smtoko2022\/wp-content\/uploads\/2022\/06\/sporttirakki_logo_text_n_pic_w600-224x300.png\" class=\"attachment-medium size-medium wp-image-526\" alt=\"\" srcset=\"https:\/\/sievinkennelkerho.fi\/smtoko2022\/wp-content\/uploads\/2022\/06\/sporttirakki_logo_text_n_pic_w600-224x300.png 224w, https:\/\/sievinkennelkerho.fi\/smtoko2022\/wp-content\/uploads\/2022\/06\/sporttirakki_logo_text_n_pic_w600-e1654800547461.png 300w\" sizes=\"(max-width: 224px) 100vw, 224px\" \/>\t\t\t\t\t\t\t\t<\/a>\n\t\t\t\t\t\t\t\t\t\t\t\t\t\t\t<\/div>\n\t\t\t\t<\/div>\n\t\t\t\t\t<\/div>\n\t\t<\/div>\n\t\t\t\t<div class=\"elementor-column elementor-col-16 elementor-top-column elementor-element elementor-element-dc2c2d8\" data-id=\"dc2c2d8\" data-element_type=\"column\">\n\t\t\t<div class=\"elementor-widget-wrap elementor-element-populated\">\n\t\t\t\t\t\t<div class=\"elementor-element elementor-element-7137015 elementor-widget elementor-widget-image\" data-id=\"7137015\" data-element_type=\"widget\" data-widget_type=\"image.default\">\n\t\t\t\t<div class=\"elementor-widget-container\">\n\t\t\t\t\t\t\t\t\t\t\t\t\t\t\t\t<a href=\"http:\/\/www.tiivi.fi\">\n\t\t\t\t\t\t\t<img decoding=\"async\" width=\"222\" height=\"103\" src=\"https:\/\/sievinkennelkerho.fi\/smtoko2022\/wp-content\/uploads\/2022\/06\/Tiivi-1.png\" class=\"attachment-medium size-medium wp-image-583\" alt=\"\" \/>\t\t\t\t\t\t\t\t<\/a>\n\t\t\t\t\t\t\t\t\t\t\t\t\t\t\t<\/div>\n\t\t\t\t<\/div>\n\t\t\t\t\t<\/div>\n\t\t<\/div>\n\t\t\t\t<div class=\"elementor-column elementor-col-16 elementor-top-column elementor-element elementor-element-52a31b7\" data-id=\"52a31b7\" data-element_type=\"column\">\n\t\t\t<div class=\"elementor-widget-wrap elementor-element-populated\">\n\t\t\t\t\t\t<div class=\"elementor-element elementor-element-eb57f21 elementor-widget elementor-widget-image\" data-id=\"eb57f21\" data-element_type=\"widget\" data-widget_type=\"image.default\">\n\t\t\t\t<div class=\"elementor-widget-container\">\n\t\t\t\t\t\t\t\t\t\t\t\t\t\t\t\t<a href=\"https:\/\/www.nutrolin.fi\/\">\n\t\t\t\t\t\t\t<img loading=\"lazy\" decoding=\"async\" width=\"243\" height=\"300\" src=\"https:\/\/sievinkennelkerho.fi\/smtoko2022\/wp-content\/uploads\/2022\/06\/Powered-by-Nutrolin\u00ae-243x300.png\" class=\"attachment-medium size-medium wp-image-525\" alt=\"\" srcset=\"https:\/\/sievinkennelkerho.fi\/smtoko2022\/wp-content\/uploads\/2022\/06\/Powered-by-Nutrolin\u00ae-243x300.png 243w, https:\/\/sievinkennelkerho.fi\/smtoko2022\/wp-content\/uploads\/2022\/06\/Powered-by-Nutrolin\u00ae-829x1024.png 829w, https:\/\/sievinkennelkerho.fi\/smtoko2022\/wp-content\/uploads\/2022\/06\/Powered-by-Nutrolin\u00ae-768x949.png 768w, https:\/\/sievinkennelkerho.fi\/smtoko2022\/wp-content\/uploads\/2022\/06\/Powered-by-Nutrolin\u00ae-1243x1536.png 1243w, https:\/\/sievinkennelkerho.fi\/smtoko2022\/wp-content\/uploads\/2022\/06\/Powered-by-Nutrolin\u00ae-1658x2048.png 1658w\" sizes=\"(max-width: 243px) 100vw, 243px\" \/>\t\t\t\t\t\t\t\t<\/a>\n\t\t\t\t\t\t\t\t\t\t\t\t\t\t\t<\/div>\n\t\t\t\t<\/div>\n\t\t\t\t\t<\/div>\n\t\t<\/div>\n\t\t\t\t<div class=\"elementor-column elementor-col-16 elementor-top-column elementor-element elementor-element-bc7e566\" data-id=\"bc7e566\" data-element_type=\"column\">\n\t\t\t<div class=\"elementor-widget-wrap elementor-element-populated\">\n\t\t\t\t\t\t<div class=\"elementor-element elementor-element-cbdd2f5 elementor-widget elementor-widget-image\" data-id=\"cbdd2f5\" data-element_type=\"widget\" data-widget_type=\"image.default\">\n\t\t\t\t<div class=\"elementor-widget-container\">\n\t\t\t\t\t\t\t\t\t\t\t\t\t\t\t<img loading=\"lazy\" decoding=\"async\" width=\"800\" height=\"631\" src=\"https:\/\/sievinkennelkerho.fi\/smtoko2022\/wp-content\/uploads\/2022\/06\/OEK-logo-ja-teksti-1024x808.jpg\" class=\"attachment-large size-large wp-image-623\" alt=\"\" srcset=\"https:\/\/sievinkennelkerho.fi\/smtoko2022\/wp-content\/uploads\/2022\/06\/OEK-logo-ja-teksti-1024x808.jpg 1024w, https:\/\/sievinkennelkerho.fi\/smtoko2022\/wp-content\/uploads\/2022\/06\/OEK-logo-ja-teksti-300x237.jpg 300w, https:\/\/sievinkennelkerho.fi\/smtoko2022\/wp-content\/uploads\/2022\/06\/OEK-logo-ja-teksti-768x606.jpg 768w, https:\/\/sievinkennelkerho.fi\/smtoko2022\/wp-content\/uploads\/2022\/06\/OEK-logo-ja-teksti-1536x1212.jpg 1536w, https:\/\/sievinkennelkerho.fi\/smtoko2022\/wp-content\/uploads\/2022\/06\/OEK-logo-ja-teksti.jpg 1931w\" sizes=\"(max-width: 800px) 100vw, 800px\" \/>\t\t\t\t\t\t\t\t\t\t\t\t\t\t\t<\/div>\n\t\t\t\t<\/div>\n\t\t\t\t\t<\/div>\n\t\t<\/div>\n\t\t\t\t\t<\/div>\n\t\t<\/section>\n\t\t\t\t<section class=\"elementor-section elementor-top-section elementor-element elementor-element-178405b elementor-section-boxed elementor-section-height-default elementor-section-height-default\" data-id=\"178405b\" data-element_type=\"section\">\n\t\t\t\t\t\t<div class=\"elementor-container elementor-column-gap-default\">\n\t\t\t\t\t<div class=\"elementor-column elementor-col-25 elementor-top-column elementor-element elementor-element-b47d2c9\" data-id=\"b47d2c9\" data-element_type=\"column\">\n\t\t\t<div class=\"elementor-widget-wrap elementor-element-populated\">\n\t\t\t\t\t\t<div class=\"elementor-element elementor-element-7b010f8 elementor-widget elementor-widget-image\" data-id=\"7b010f8\" data-element_type=\"widget\" data-widget_type=\"image.default\">\n\t\t\t\t<div class=\"elementor-widget-container\">\n\t\t\t\t\t\t\t\t\t\t\t\t\t\t\t<img loading=\"lazy\" decoding=\"async\" width=\"520\" height=\"159\" src=\"https:\/\/sievinkennelkerho.fi\/smtoko2022\/wp-content\/uploads\/2022\/07\/291105578_1077095893227560_7630031130185273066_n.jpg\" class=\"attachment-large size-large wp-image-651\" alt=\"\" srcset=\"https:\/\/sievinkennelkerho.fi\/smtoko2022\/wp-content\/uploads\/2022\/07\/291105578_1077095893227560_7630031130185273066_n.jpg 520w, https:\/\/sievinkennelkerho.fi\/smtoko2022\/wp-content\/uploads\/2022\/07\/291105578_1077095893227560_7630031130185273066_n-300x92.jpg 300w\" sizes=\"(max-width: 520px) 100vw, 520px\" \/>\t\t\t\t\t\t\t\t\t\t\t\t\t\t\t<\/div>\n\t\t\t\t<\/div>\n\t\t\t\t\t<\/div>\n\t\t<\/div>\n\t\t\t\t<div class=\"elementor-column elementor-col-25 elementor-top-column elementor-element elementor-element-76b6bba\" data-id=\"76b6bba\" data-element_type=\"column\">\n\t\t\t<div class=\"elementor-widget-wrap\">\n\t\t\t\t\t\t\t<\/div>\n\t\t<\/div>\n\t\t\t\t<div class=\"elementor-column elementor-col-25 elementor-top-column elementor-element elementor-element-08cf1f9\" data-id=\"08cf1f9\" data-element_type=\"column\">\n\t\t\t<div class=\"elementor-widget-wrap elementor-element-populated\">\n\t\t\t\t\t\t<div class=\"elementor-element elementor-element-3883591 elementor-widget elementor-widget-image\" data-id=\"3883591\" data-element_type=\"widget\" data-widget_type=\"image.default\">\n\t\t\t\t<div class=\"elementor-widget-container\">\n\t\t\t\t\t\t\t\t\t\t\t\t\t\t\t<img loading=\"lazy\" decoding=\"async\" width=\"300\" height=\"147\" src=\"https:\/\/sievinkennelkerho.fi\/smtoko2022\/wp-content\/uploads\/2022\/07\/image001-1.png\" class=\"attachment-medium size-medium wp-image-656\" alt=\"\" \/>\t\t\t\t\t\t\t\t\t\t\t\t\t\t\t<\/div>\n\t\t\t\t<\/div>\n\t\t\t\t\t<\/div>\n\t\t<\/div>\n\t\t\t\t<div class=\"elementor-column elementor-col-25 elementor-top-column elementor-element elementor-element-482a126\" data-id=\"482a126\" data-element_type=\"column\">\n\t\t\t<div class=\"elementor-widget-wrap\">\n\t\t\t\t\t\t\t<\/div>\n\t\t<\/div>\n\t\t\t\t\t<\/div>\n\t\t<\/section>\n\t\t\t\t<section class=\"elementor-section elementor-top-section elementor-element elementor-element-6ab6d61 elementor-section-boxed elementor-section-height-default elementor-section-height-default\" data-id=\"6ab6d61\" data-element_type=\"section\">\n\t\t\t\t\t\t<div class=\"elementor-container elementor-column-gap-default\">\n\t\t\t\t\t<div class=\"elementor-column elementor-col-100 elementor-top-column elementor-element elementor-element-04d52f1\" data-id=\"04d52f1\" data-element_type=\"column\">\n\t\t\t<div class=\"elementor-widget-wrap elementor-element-populated\">\n\t\t\t\t\t\t<div class=\"elementor-element elementor-element-b201ddb elementor-widget elementor-widget-image\" data-id=\"b201ddb\" data-element_type=\"widget\" data-widget_type=\"image.default\">\n\t\t\t\t<div class=\"elementor-widget-container\">\n\t\t\t\t\t\t\t\t\t\t\t\t\t\t\t<img loading=\"lazy\" decoding=\"async\" width=\"738\" height=\"1024\" src=\"https:\/\/sievinkennelkerho.fi\/smtoko2022\/wp-content\/uploads\/2022\/07\/Dagsmark_yleismainos_SM_TOKO_210x297-738x1024.jpg\" class=\"attachment-large size-large wp-image-638\" alt=\"\" srcset=\"https:\/\/sievinkennelkerho.fi\/smtoko2022\/wp-content\/uploads\/2022\/07\/Dagsmark_yleismainos_SM_TOKO_210x297-738x1024.jpg 738w, https:\/\/sievinkennelkerho.fi\/smtoko2022\/wp-content\/uploads\/2022\/07\/Dagsmark_yleismainos_SM_TOKO_210x297-216x300.jpg 216w, https:\/\/sievinkennelkerho.fi\/smtoko2022\/wp-content\/uploads\/2022\/07\/Dagsmark_yleismainos_SM_TOKO_210x297-768x1065.jpg 768w, https:\/\/sievinkennelkerho.fi\/smtoko2022\/wp-content\/uploads\/2022\/07\/Dagsmark_yleismainos_SM_TOKO_210x297-1108x1536.jpg 1108w, https:\/\/sievinkennelkerho.fi\/smtoko2022\/wp-content\/uploads\/2022\/07\/Dagsmark_yleismainos_SM_TOKO_210x297-1477x2048.jpg 1477w, https:\/\/sievinkennelkerho.fi\/smtoko2022\/wp-content\/uploads\/2022\/07\/Dagsmark_yleismainos_SM_TOKO_210x297-scaled.jpg 1846w\" sizes=\"(max-width: 738px) 100vw, 738px\" \/>\t\t\t\t\t\t\t\t\t\t\t\t\t\t\t<\/div>\n\t\t\t\t<\/div>\n\t\t\t\t\t<\/div>\n\t\t<\/div>\n\t\t\t\t\t<\/div>\n\t\t<\/section>\n\t\t\t\t<section class=\"elementor-section elementor-top-section elementor-element elementor-element-b2efbd5 elementor-section-boxed elementor-section-height-default elementor-section-height-default\" data-id=\"b2efbd5\" data-element_type=\"section\">\n\t\t\t\t\t\t<div class=\"elementor-container elementor-column-gap-default\">\n\t\t\t\t\t<div class=\"elementor-column elementor-col-100 elementor-top-column elementor-element elementor-element-fd69d97\" data-id=\"fd69d97\" data-element_type=\"column\">\n\t\t\t<div class=\"elementor-widget-wrap elementor-element-populated\">\n\t\t\t\t\t\t<div class=\"elementor-element elementor-element-0be10a0 elementor-widget-divider--view-line elementor-widget elementor-widget-divider\" data-id=\"0be10a0\" data-element_type=\"widget\" data-widget_type=\"divider.default\">\n\t\t\t\t<div class=\"elementor-widget-container\">\n\t\t\t\t\t\t\t<div class=\"elementor-divider\">\n\t\t\t<span class=\"elementor-divider-separator\">\n\t\t\t\t\t\t<\/span>\n\t\t<\/div>\n\t\t\t\t\t\t<\/div>\n\t\t\t\t<\/div>\n\t\t\t\t\t<\/div>\n\t\t<\/div>\n\t\t\t\t\t<\/div>\n\t\t<\/section>\n\t\t\t\t<section class=\"elementor-section elementor-top-section elementor-element elementor-element-ffe1358 elementor-section-boxed elementor-section-height-default elementor-section-height-default\" data-id=\"ffe1358\" data-element_type=\"section\">\n\t\t\t\t\t\t<div class=\"elementor-container elementor-column-gap-default\">\n\t\t\t\t\t<div class=\"elementor-column elementor-col-50 elementor-top-column elementor-element elementor-element-2dcae0c\" data-id=\"2dcae0c\" data-element_type=\"column\">\n\t\t\t<div class=\"elementor-widget-wrap elementor-element-populated\">\n\t\t\t\t\t\t<div class=\"elementor-element elementor-element-48de43b elementor-widget elementor-widget-image\" data-id=\"48de43b\" data-element_type=\"widget\" data-widget_type=\"image.default\">\n\t\t\t\t<div class=\"elementor-widget-container\">\n\t\t\t\t\t\t\t\t\t\t\t\t\t\t\t<img loading=\"lazy\" decoding=\"async\" width=\"300\" height=\"120\" src=\"https:\/\/sievinkennelkerho.fi\/smtoko2022\/wp-content\/uploads\/2022\/05\/SPKL-silhuettilogo_painolaatu-copy-300x120.jpg\" class=\"attachment-medium size-medium wp-image-461\" alt=\"\" srcset=\"https:\/\/sievinkennelkerho.fi\/smtoko2022\/wp-content\/uploads\/2022\/05\/SPKL-silhuettilogo_painolaatu-copy-300x120.jpg 300w, https:\/\/sievinkennelkerho.fi\/smtoko2022\/wp-content\/uploads\/2022\/05\/SPKL-silhuettilogo_painolaatu-copy-1024x411.jpg 1024w, https:\/\/sievinkennelkerho.fi\/smtoko2022\/wp-content\/uploads\/2022\/05\/SPKL-silhuettilogo_painolaatu-copy-768x308.jpg 768w, https:\/\/sievinkennelkerho.fi\/smtoko2022\/wp-content\/uploads\/2022\/05\/SPKL-silhuettilogo_painolaatu-copy-1536x616.jpg 1536w, https:\/\/sievinkennelkerho.fi\/smtoko2022\/wp-content\/uploads\/2022\/05\/SPKL-silhuettilogo_painolaatu-copy-2048x821.jpg 2048w\" sizes=\"(max-width: 300px) 100vw, 300px\" \/>\t\t\t\t\t\t\t\t\t\t\t\t\t\t\t<\/div>\n\t\t\t\t<\/div>\n\t\t\t\t\t<\/div>\n\t\t<\/div>\n\t\t\t\t<div class=\"elementor-column elementor-col-50 elementor-top-column elementor-element elementor-element-167b198\" data-id=\"167b198\" data-element_type=\"column\">\n\t\t\t<div class=\"elementor-widget-wrap elementor-element-populated\">\n\t\t\t\t\t\t<div class=\"elementor-element elementor-element-cab8b58 elementor-widget elementor-widget-image\" data-id=\"cab8b58\" data-element_type=\"widget\" data-widget_type=\"image.default\">\n\t\t\t\t<div class=\"elementor-widget-container\">\n\t\t\t\t\t\t\t\t\t\t\t\t\t\t\t<img loading=\"lazy\" decoding=\"async\" width=\"256\" height=\"126\" src=\"https:\/\/sievinkennelkerho.fi\/smtoko2022\/wp-content\/uploads\/2022\/05\/logo-alekkain.jpg\" class=\"attachment-medium size-medium wp-image-458\" alt=\"\" \/>\t\t\t\t\t\t\t\t\t\t\t\t\t\t\t<\/div>\n\t\t\t\t<\/div>\n\t\t\t\t\t<\/div>\n\t\t<\/div>\n\t\t\t\t\t<\/div>\n\t\t<\/section>\n\t\t\t\t<\/div>\n\t\t","protected":false},"excerpt":{"rendered":"<p>Suomenmestaruus TOKO 2022 Vuoden 2022 TOKOn Suomenmestaruuskilpailut j\u00e4rjestet\u00e4\u00e4n Nivalassa Tuiskulan kent\u00e4ll\u00e4 6.-7.8.2022 J\u00e4rjest\u00e4j\u00e4n\u00e4 Sievin kennelkerho Lauantaina\u00a06.8.\u00a0AVO\u00a0ja\u00a0EVLSunnuntaina\u00a07.8.\u00a0ALO,\u00a0VOI\u00a0\u00a0sek\u00e4\u00a0EVL-FINAALI Vastaava koetoimitsija : Nina Saajossalo&nbsp; Tiedustelut: info.smtoko@sievinkennelkerho.fi Facebook tapahtuma http:\/\/www.konejaket.fi<\/p>\n","protected":false},"author":1,"featured_media":0,"parent":0,"menu_order":0,"comment_status":"closed","ping_status":"closed","template":"","meta":{"footnotes":""},"class_list":["post-9","page","type-page","status-publish","hentry"],"_links":{"self":[{"href":"https:\/\/sievinkennelkerho.fi\/smtoko2022\/wp-json\/wp\/v2\/pages\/9","targetHints":{"allow":["GET"]}}],"collection":[{"href":"https:\/\/sievinkennelkerho.fi\/smtoko2022\/wp-json\/wp\/v2\/pages"}],"about":[{"href":"https:\/\/sievinkennelkerho.fi\/smtoko2022\/wp-json\/wp\/v2\/types\/page"}],"author":[{"embeddable":true,"href":"https:\/\/sievinkennelkerho.fi\/smtoko2022\/wp-json\/wp\/v2\/users\/1"}],"replies":[{"embeddable":true,"href":"https:\/\/sievinkennelkerho.fi\/smtoko2022\/wp-json\/wp\/v2\/comments?post=9"}],"version-history":[{"count":178,"href":"https:\/\/sievinkennelkerho.fi\/smtoko2022\/wp-json\/wp\/v2\/pages\/9\/revisions"}],"predecessor-version":[{"id":659,"href":"https:\/\/sievinkennelkerho.fi\/smtoko2022\/wp-json\/wp\/v2\/pages\/9\/revisions\/659"}],"wp:attachment":[{"href":"https:\/\/sievinkennelkerho.fi\/smtoko2022\/wp-json\/wp\/v2\/media?parent=9"}],"curies":[{"name":"wp","href":"https:\/\/api.w.org\/{rel}","templated":true}]}}